{"id":1754,"date":"2017-10-20T00:08:44","date_gmt":"2017-10-19T22:08:44","guid":{"rendered":"https:\/\/www.spacapan.si\/de\/?page_id=1754"},"modified":"2018-02-11T22:34:39","modified_gmt":"2018-02-11T21:34:39","slug":"pogoji-poslovanja","status":"publish","type":"page","link":"https:\/\/www.spacapan.si\/de\/pogoji-poslovanja\/","title":{"rendered":"Pogoji poslovanja"},"content":{"rendered":"<h2>Splo\u0161ni pogoji poslovanja<\/h2>\n<p>&nbsp;<\/p>\n<p>Spletno trgovino www.spacaapn.si upravlja podjetje \u0160pacapanova hi\u0161a d.o.o. (v nadaljevanju \u00bbponudnik\u00ab). Ponudnik zagotavlja delovanje spletne trgovine www.spacapan.si v skladu z Zakonom o varstvu potro\u0161nikov.\u00a0Uporabnik je oseba, ki uporablja na\u0161 sistem, torej kupec v spletni trgovini.\u00a0Spletna trgovina je informacijski sistem namenjen predstavitvi in prodaji izdelkov uporabniku.<\/p>\n<p><strong>Registracija in prijava<\/strong><br \/>\nV spletni trgovini www.spacapan.si registracija in prijava nista potrebni. Ob nakupu izdelka vpi\u0161ete svoje podatke in s tem potrdite, da se strinjate vsebino pogojev poslovanja.<\/p>\n<p><strong>Naro\u010dila<\/strong><br \/>\nKupec odgovarja za podatke dane v procesu izvajanja naro\u010dila. Ponudnik ne odgovarja za morebitne napake pri dostavi zaradi napa\u010dnega naslova.\u00a0Po oddaji naro\u010dila kupec prejme preko elektronske po\u0161te pogodbo (ra\u010dun).<\/p>\n<p><strong>Odprema blaga in cena dostave<\/strong><br \/>\nDostavo po Sloveniji za nas opravlja dostavna slu\u017eba Po\u0161te Slovenije. Vse po\u0161iljke so zavarovane in Vam v primeru po\u0161kodovanja po\u0161iljke, le to zamenjamo z novo ali vrnemo va\u0161 denar. Po\u0161iljke bodo predvidoma zapakirane in oddane dostavni slu\u017ebi ob petkih. Vro\u010dene vam bodo ob sobotah med 8.00 uro in 16.00 uro. Cena dostave je 5,00\u20ac lahko pa izdelke osebno prevzamete na naslovu \u0160pacapanova hi\u0161a, Komen 85, 6223 Komen.\u00a0\u010ce naslovnik ob poskusu dostave ni dosegljiv, se mu pusti pisno obvestilo o \u010dasu in kraju prevzema po\u0161iljke.\u00a0Za izgubo ali po\u0161kodbe po\u0161iljke odgovarja dostavna slu\u017eba Po\u0161te Slovenije. Ponudnik v primeru po\u0161kodbe ali izgube po\u0161iljke po\u0161lje novo takoj po obvestilu. Kupec mora o po\u0161kodbi ali izgubi po\u0161iljke obvestiti prevoznika ali ponudnika.<\/p>\n<p><strong>Cene<\/strong><br \/>\nVse cene so navedene v EUR in vklju\u010dujejo davek na dodano vrednost (DDV). Ob izdelkih zapisane cene na spletni strani www.spacapan.si ne vsebujejo stro\u0161kov po\u0161iljanja. Cena izpisana ob koncu posameznega naro\u010dila je sestavljena iz stro\u0161ka nakupa blaga in stro\u0161kov po\u0161iljanja. Ponudnik si pridr\u017euje pravico do spreminjanja cen brez predhodnega obvestila. Veljavna je tista cena, ki je objavljena v trenutku oddaje naro\u010dila.<\/p>\n<p><strong>Pravica do odstopa od nakupa, vra\u010dilo blaga<\/strong><br \/>\nKupec ima pravico, da v 14 dneh od prevzema blaga ponudniku sporo\u010di (na kontaktni e-naslov spacapan.podpora@gmail.com), da odstopa od pogodbe, ne da bi mu bilo treba navesti razlog za svojo odlo\u010ditev. Edini stro\u0161ek, ki bremeni kupca v zvezi z odstopom od pogodbe, je stro\u0161ek vra\u010dila blaga. Blago je potrebno vrniti prodajalcu najkasneje v roku 30 dni od oddanega sporo\u010dila o odstopu od pogodbe (nakupa).<br \/>\nPrejeto blago mora vrniti nepo\u0161kodovano, zapakirano in v nespremenjeni koli\u010dini, razen \u010de je blago uni\u010deno, pokvarjeno, izgubljeno ali se je njegova koli\u010dina zmanj\u0161ala, ne da bi bil za to kriv potro\u0161nik.<br \/>\nVra\u010dilo vpla\u010dil bo izvedeno takoj, ko je to mogo\u010de, najkasneje pa v roku 30 dni od prejema sporo\u010dila o odstopu od pogodbe. Vra\u010dilo kupnine se naka\u017ee na transakcijski ( osebni ) ra\u010dun kupca, ki ga sporo\u010di v obvestilu o vra\u010dilu blaga.<br \/>\nVrnitev prejetega blaga ponudniku v roku za odstop od pogodbe se \u0161teje za sporo\u010dilo o odstopu od pogodbe.<br \/>\nBlago se vrne ponudniku na naslov \u0160pacapanova hi\u0161a d.o.o., Komen 85, 6223 Komen.<\/p>\n<p><strong>Vra\u010dilo blaga<\/strong><br \/>\nZaradi napake ponudnika pri izdaji napa\u010dnega blaga, blago zamenjamo brez dodatnih stro\u0161kov kupca v roku sedem dni od prejema obvestila o vra\u010dilu blaga. Izdelki se vrnejo v nepo\u0161kodovani original embala\u017ei. Kupnino za vrnjeno blago vam bomo nakazali na va\u0161 transakcijski ra\u010dun najkasneje v roku deset dni od vra\u010dila blaga.<\/p>\n<p><strong>Pla\u010dilni pogoji<\/strong><br \/>\nPonudnik zagotavlja naslednje na\u010dine pla\u010dila:<\/p>\n<ul class=\"list\">\n<li>pla\u010dilo po predra\u010dunu: Kupec prejme predra\u010dun po elektronski po\u0161ti. Za\u017eeljeno je, da nas kupec ob pla\u010danem predra\u010dunu obvesti nakar sledi odprema po\u0161iljke v dogovorjenem roku<\/li>\n<li>pla\u010dilo po povzetju; v kolikor kupec \u017eeli pla\u010dati po prevzemu je tak na\u010din mo\u017een le s pla\u010dilom v gotovini. Kupec mora biti ne glede na vrednost po\u0161ilke osebno prisoten pri prevzemu. V primeru po\u0161iljanja paketa s pla\u010dilom po povzetju, pla\u010date po\u0161tarju le dejanski znesek, ki ste ga prejeli pri potrditvi naro\u010dila.<\/li>\n<li>PayPal pla\u010dilo:\u00a0Za\u017eeljeno je, da nas kupec ob pla\u010danem predra\u010dunu obvesti nakar sledi odprema po\u0161iljke v dogovorjenem roku.<\/li>\n<\/ul>\n<p><strong>Varovanje osebnih podatkov<\/strong><br \/>\nPunudnik se zavezuje k trajnemu varovanju vseh osebnih podatkov. Ti bodo uporabljeni izklju\u010dno za potrebe kontaktiranja s stranko, dostavo blaga, sestavljanja ponudb. Tretja oseba nima dostopa do teh podatkov, kar pomeni, da so varni pred izgubo, zlorabo, razkrivanjem, spreminjanjem ali uni\u010denjem le teh.<\/p>\n<p><strong>Starostna omejitev<\/strong><br \/>\nMladoletnim osebam je prodaja alkoholnih pija\u010d prepovedana. Kupec mora biti v \u010dasu oddaje naro\u010dila polnoleten. V nasprotnem primeru ponudnik prekli\u010de naro\u010dilo.\u00a0Ministrstvo za zdravje opozarja; prekomerno pitje alkohola \u0161koduje zdravju.<\/p>\n<p><strong>Prito\u017ebe in spori<\/strong><br \/>\nPonudnik spo\u0161tuje veljavno zakonodajo o varstvu potro\u0161nikov. Ponudnik si bo prizadeval vzpostaviti u\u010dinkovit sistem obravnavanja prito\u017eb in morebitne spore re\u0161evati sporazumno.<\/p>\n","protected":false},"excerpt":{"rendered":"<p>&#8230;<\/p>\n","protected":false},"author":1,"featured_media":0,"parent":0,"menu_order":0,"comment_status":"closed","ping_status":"closed","template":"","meta":{"footnotes":""},"_links":{"self":[{"href":"https:\/\/www.spacapan.si\/de\/wp-json\/wp\/v2\/pages\/1754"}],"collection":[{"href":"https:\/\/www.spacapan.si\/de\/wp-json\/wp\/v2\/pages"}],"about":[{"href":"https:\/\/www.spacapan.si\/de\/wp-json\/wp\/v2\/types\/page"}],"author":[{"embeddable":true,"href":"https:\/\/www.spacapan.si\/de\/wp-json\/wp\/v2\/users\/1"}],"replies":[{"embeddable":true,"href":"https:\/\/www.spacapan.si\/de\/wp-json\/wp\/v2\/comments?post=1754"}],"version-history":[{"count":10,"href":"https:\/\/www.spacapan.si\/de\/wp-json\/wp\/v2\/pages\/1754\/revisions"}],"predecessor-version":[{"id":1981,"href":"https:\/\/www.spacapan.si\/de\/wp-json\/wp\/v2\/pages\/1754\/revisions\/1981"}],"wp:attachment":[{"href":"https:\/\/www.spacapan.si\/de\/wp-json\/wp\/v2\/media?parent=1754"}],"curies":[{"name":"wp","href":"https:\/\/api.w.org\/{rel}","templated":true}]}}