{"id":959,"date":"2017-01-16T21:57:12","date_gmt":"2017-01-16T20:57:12","guid":{"rendered":"https:\/\/www.spacapan.si\/de\/?page_id=959"},"modified":"2026-03-23T21:09:07","modified_gmt":"2026-03-23T20:09:07","slug":"verkostungen","status":"publish","type":"page","link":"https:\/\/www.spacapan.si\/de\/miros-keller\/verkostungen\/","title":{"rendered":"Verkostungen"},"content":{"rendered":"<p>[vc_row css=&#8220;.vc_custom_1769777081995{margin-top: 0px !important;margin-bottom: 20px !important;border-top-width: 0px !important;border-bottom-width: 0px !important;padding-top: 0px !important;padding-bottom: 0px !important;}&#8220;][vc_column width=&#8220;1\/3&#8243; css=&#8220;.vc_custom_1769026968265{margin-top: 0px !important;margin-bottom: 0px !important;border-top-width: 0px !important;border-bottom-width: 0px !important;padding-top: 0px !important;padding-bottom: 0px !important;}&#8220;][vc_column_text css=&#8220;.vc_custom_1769776147296{margin-top: 0px !important;margin-bottom: 10px !important;border-top-width: 0px !important;border-bottom-width: 0px !important;padding-top: 0px !important;padding-bottom: 0px !important;}&#8220;]<\/p>\n<h3>Alles, was Sie verkosten werden, wurde hier produziert, gereift oder geschaffen \u2013 in unserem Keller, unserer Essigmanufaktur und in der Umgebung.<\/h3>\n<p>Begeben Sie sich in Mirotova klet im \u0160pacapanova hi\u0161a zu einer gef\u00fchrten Verkostung lokaler Produkte, bei der Sie in 60\u201390 Minuten die Geschm\u00e4cker des Karsts durch Wein, Fleischwaren, K\u00e4se, Spirituosen und Essig kennenlernen.<br \/>\nDie Verkostung ist f\u00fcr G\u00e4ste gedacht, die ein konkretes, authentisches Erlebnis suchen \u2013 ohne Inszenierung, ohne Kulissen, direkt dort, wo die Produkte tats\u00e4chlich entstehen.[\/vc_column_text][\/vc_column][vc_column width=&#8220;2\/3&#8243; css=&#8220;.vc_custom_1769027386833{margin-top: 0px !important;margin-bottom: 0px !important;border-top-width: 0px !important;border-bottom-width: 0px !important;padding-top: 0px !important;padding-bottom: 0px !important;}&#8220; offset=&#8220;vc_hidden-sm vc_hidden-xs&#8220;][vc_column_text css=&#8220;.vc_custom_1769771076020{margin-top: 0px !important;margin-bottom: 0px !important;border-top-width: 0px !important;border-bottom-width: 0px !important;padding-top: 0px !important;padding-bottom: 0px !important;}&#8220;]<img loading=\"lazy\" decoding=\"async\" class=\"alignnone wp-image-4645 size-full\" src=\"https:\/\/www.spacapan.si\/wp-content\/uploads\/2021\/11\/ago-klet.jpg\" alt=\"\" width=\"1200\" height=\"900\" \/>[\/vc_column_text][\/vc_column][\/vc_row][vc_row css=&#8220;.vc_custom_1769026892593{margin-top: 0px !important;margin-bottom: 0px !important;border-top-width: 0px !important;border-bottom-width: 0px !important;padding-top: 0px !important;padding-bottom: 0px !important;}&#8220;][vc_column css=&#8220;.vc_custom_1769027137863{margin-top: 0px !important;margin-bottom: 0px !important;border-top-width: 0px !important;border-bottom-width: 0px !important;padding-top: 0px !important;padding-bottom: 0px !important;}&#8220; offset=&#8220;vc_hidden-lg vc_hidden-md&#8220;][vc_column_text css=&#8220;.vc_custom_1769776792105{margin-top: 20px !important;margin-bottom: 0px !important;border-top-width: 0px !important;border-bottom-width: 0px !important;padding-top: 0px !important;padding-bottom: 0px !important;}&#8220;]<img loading=\"lazy\" decoding=\"async\" class=\"alignnone wp-image-4645 size-full\" src=\"https:\/\/www.spacapan.si\/wp-content\/uploads\/2021\/11\/ago-klet.jpg\" alt=\"\" width=\"1200\" height=\"900\" \/>[\/vc_column_text][\/vc_column][\/vc_row][vc_row css=&#8220;.vc_custom_1769070548449{margin-top: 0px !important;border-top-width: 0px !important;padding-top: 0px !important;}&#8220;][vc_column width=&#8220;2\/3&#8243; css=&#8220;.vc_custom_1769771730118{margin-top: 10px !important;margin-bottom: 10px !important;border-top-width: 0px !important;border-bottom-width: 0px !important;padding-top: 0px !important;padding-bottom: 0px !important;}&#8220; offset=&#8220;vc_hidden-sm vc_hidden-xs&#8220;][vc_column_text]<img loading=\"lazy\" decoding=\"async\" class=\"alignnone wp-image-5651 size-full\" src=\"https:\/\/www.spacapan.si\/wp-content\/uploads\/2024\/02\/klet.jpg\" alt=\"\" width=\"1890\" height=\"1417\" \/>[\/vc_column_text][\/vc_column][vc_column width=&#8220;1\/3&#8243; css=&#8220;.vc_custom_1769771703535{margin-top: 0px !important;margin-bottom: 0px !important;border-top-width: 0px !important;border-bottom-width: 0px !important;padding-top: 0px !important;padding-bottom: 0px !important;}&#8220;][vc_column_text css=&#8220;.vc_custom_1769776850783{margin-top: 0px !important;margin-bottom: 0px !important;border-top-width: 0px !important;border-bottom-width: 0px !important;padding-top: 0px !important;padding-bottom: 0px !important;}&#8220;]<\/p>\n<h3>Ambiente<\/h3>\n<p>Die Verkostung findet in der lebendigen Mirotova klet unter dem Restaurant statt, wo Schinken, Salami, K\u00e4se und Weine reifen. Steinb\u00f6gen, Holz und der charakteristische Duft luftgetrockneter Fleischwaren schaffen einen Raum, der keine museale Inszenierung ist, sondern ein funktionierender Keller.<\/p>\n<p><strong>Das ist ein Ambiente, in dem man die Verkostung nicht betrachtet \u2013 sondern erlebt.<\/strong>[\/vc_column_text][\/vc_column][\/vc_row][vc_row css=&#8220;.vc_custom_1769026892593{margin-top: 0px !important;margin-bottom: 0px !important;border-top-width: 0px !important;border-bottom-width: 0px !important;padding-top: 0px !important;padding-bottom: 0px !important;}&#8220;][vc_column css=&#8220;.vc_custom_1769776826400{margin-top: 0px !important;margin-bottom: 0px !important;border-top-width: 0px !important;border-bottom-width: 0px !important;padding-top: 0px !important;padding-bottom: 0px !important;}&#8220; offset=&#8220;vc_hidden-lg vc_hidden-md&#8220;][vc_column_text css=&#8220;.vc_custom_1769776930074{margin-top: 20px !important;margin-bottom: 15px !important;border-top-width: 0px !important;border-bottom-width: 0px !important;padding-top: 0px !important;padding-bottom: 0px !important;}&#8220;]<img loading=\"lazy\" decoding=\"async\" class=\"alignnone wp-image-5651 size-full\" src=\"https:\/\/www.spacapan.si\/wp-content\/uploads\/2024\/02\/klet.jpg\" alt=\"\" width=\"1890\" height=\"1417\" \/>[\/vc_column_text][\/vc_column][\/vc_row][vc_row][vc_column css=&#8220;.vc_custom_1769070615259{margin-top: 10px !important;margin-bottom: 10px !important;border-top-width: 0px !important;border-bottom-width: 0px !important;padding-top: 0px !important;padding-bottom: 0px !important;}&#8220; offset=&#8220;vc_hidden-lg vc_hidden-md&#8220;][vc_separator border_width=&#8220;2&#8243; css=&#8220;.vc_custom_1769027268264{margin-top: 0px !important;margin-bottom: 0px !important;border-top-width: 0px !important;border-bottom-width: 0px !important;padding-top: 0px !important;padding-bottom: 0px !important;}&#8220;][\/vc_column][\/vc_row][vc_row css=&#8220;.vc_custom_1769070548449{margin-top: 0px !important;border-top-width: 0px !important;padding-top: 0px !important;}&#8220;][vc_column width=&#8220;1\/3&#8243; css=&#8220;.vc_custom_1769776880170{margin-top: 0px !important;margin-bottom: 10px !important;border-top-width: 0px !important;border-bottom-width: 0px !important;padding-top: 0px !important;padding-bottom: 0px !important;}&#8220; offset=&#8220;vc_hidden-lg vc_hidden-md&#8220;][vc_column_text css=&#8220;.vc_custom_1769775815117{margin-top: 0px !important;margin-bottom: 0px !important;border-top-width: 0px !important;border-bottom-width: 0px !important;padding-top: 0px !important;padding-bottom: 0px !important;}&#8220;]<\/p>\n<h3><strong>Verkostung von Wein, Fleischwaren, K\u00e4se, Spirituosen und Essig<\/strong><\/h3>\n<h4><strong>Preis: <\/strong><strong>37,00 \u20ac\/Person<\/strong><\/h4>\n<p><strong>In der Verkostung erhalten Sie:<\/strong><br \/>\n&#8211; 4 ausgew\u00e4hlte Karstweine<br \/>\n&#8211; aufgeschnittenen Schinken und Karstsalami (eigene Reifung)<br \/>\n&#8211; eine Auswahl an Karstk\u00e4sen<br \/>\n&#8211; hausgemachtes Sauerteigbrot<br \/>\n&#8211; 2 Spirituosen<br \/>\n&#8211; eine Verkostung von 3\u20134 Essigen mit Besichtigung der hauseigenen Essigmanufaktur<\/p>\n<p>Die Verkostung wird von einem Kenner gef\u00fchrt, meist einem Familienmitglied, das beim Probieren die Herkunft der Produkte, die Herstellungsweise und ihre Verbindung zum Karst erl\u00e4utert.[\/vc_column_text][vc_tta_accordion shape=&#8220;square&#8220; color=&#8220;black&#8220; c_icon=&#8220;chevron&#8220; active_section=&#8220;0&#8243; no_fill=&#8220;true&#8220; css=&#8220;.vc_custom_1769771922694{margin-top: 15px !important;margin-bottom: 0px !important;border-top-width: 0px !important;border-bottom-width: 0px !important;padding-top: 0px !important;padding-bottom: 0px !important;}&#8220;][vc_tta_section title=&#8220;Verkostung reservieren&#8220; tab_id=&#8220;1769070106188-ab38671b-00b0&#8243;][vc_column_text]<\/p>\n<blockquote><p><a href=\"mailto:info@spacapan.si\">info@spacapan.si<\/a><\/p><\/blockquote>\n<p>[\/vc_column_text][\/vc_tta_section][\/vc_tta_accordion][\/vc_column][vc_column width=&#8220;2\/3&#8243; css=&#8220;.vc_custom_1769070647616{margin-top: 0px !important;margin-bottom: 0px !important;border-top-width: 0px !important;border-bottom-width: 0px !important;padding-top: 0px !important;padding-bottom: 0px !important;}&#8220; offset=&#8220;vc_hidden-lg vc_hidden-md&#8220;][vc_column_text css=&#8220;.vc_custom_1769770611359{margin-top: 0px !important;margin-bottom: 0px !important;border-top-width: 0px !important;border-bottom-width: 0px !important;padding-top: 0px !important;padding-bottom: 0px !important;}&#8220;]<img loading=\"lazy\" decoding=\"async\" class=\"alignnone wp-image-4989 size-full\" src=\"https:\/\/www.spacapan.si\/wp-content\/uploads\/2022\/06\/naslovna_2022-6.jpg\" alt=\"\" width=\"1500\" height=\"1000\" \/>[\/vc_column_text][\/vc_column][\/vc_row][vc_row css=&#8220;.vc_custom_1769070548449{margin-top: 0px !important;border-top-width: 0px !important;padding-top: 0px !important;}&#8220;][vc_column width=&#8220;1\/3&#8243; css=&#8220;.vc_custom_1769070696721{margin-top: 10px !important;margin-bottom: 10px !important;border-top-width: 0px !important;border-bottom-width: 0px !important;padding-top: 0px !important;padding-bottom: 0px !important;}&#8220; offset=&#8220;vc_hidden-sm vc_hidden-xs&#8220;][vc_column_text css=&#8220;.vc_custom_1769775802370{margin-top: 0px !important;margin-bottom: 0px !important;border-top-width: 0px !important;border-bottom-width: 0px !important;padding-top: 0px !important;padding-bottom: 0px !important;}&#8220;]<\/p>\n<h3><strong>Verkostung von Wein, Fleischwaren, K\u00e4se, Spirituosen und Essig<\/strong><\/h3>\n<h4><strong>Preis: <\/strong><strong>37,00 \u20ac\/Person<\/strong><\/h4>\n<p><strong>In der Verkostung erhalten Sie:<\/strong><br \/>\n&#8211; 4 ausgew\u00e4hlte Karstweine<br \/>\n&#8211; aufgeschnittenen Schinken und Karstsalami (eigene Reifung)<br \/>\n&#8211; eine Auswahl an Karstk\u00e4sen<br \/>\n&#8211; hausgemachtes Sauerteigbrot<br \/>\n&#8211; 2 Spirituosen<br \/>\n&#8211; eine Verkostung von 3\u20134 Essigen mit Besichtigung der hauseigenen Essigmanufaktur<\/p>\n<p>Die Verkostung wird von einem Kenner gef\u00fchrt, meist einem Familienmitglied, das beim Probieren die Herkunft der Produkte, die Herstellungsweise und ihre Verbindung zum Karst erl\u00e4utert.[\/vc_column_text][vc_tta_accordion shape=&#8220;square&#8220; color=&#8220;black&#8220; c_icon=&#8220;chevron&#8220; active_section=&#8220;0&#8243; no_fill=&#8220;true&#8220; css=&#8220;.vc_custom_1769771922694{margin-top: 15px !important;margin-bottom: 0px !important;border-top-width: 0px !important;border-bottom-width: 0px !important;padding-top: 0px !important;padding-bottom: 0px !important;}&#8220;][vc_tta_section title=&#8220;Verkostung reservieren&#8220; tab_id=&#8220;1769776987486-85bb1828-6fc7&#8243;][vc_column_text]<\/p>\n<blockquote><p><a href=\"mailto:info@spacapan.si\">info@spacapan.si<\/a><\/p><\/blockquote>\n<p>[\/vc_column_text][\/vc_tta_section][\/vc_tta_accordion][\/vc_column][vc_column width=&#8220;2\/3&#8243; css=&#8220;.vc_custom_1769070681765{margin-top: 0px !important;margin-bottom: 0px !important;border-top-width: 0px !important;border-bottom-width: 0px !important;padding-top: 0px !important;padding-bottom: 0px !important;}&#8220; offset=&#8220;vc_hidden-sm vc_hidden-xs&#8220;][vc_column_text css=&#8220;.vc_custom_1769770611359{margin-top: 0px !important;margin-bottom: 0px !important;border-top-width: 0px !important;border-bottom-width: 0px !important;padding-top: 0px !important;padding-bottom: 0px !important;}&#8220;]<img loading=\"lazy\" decoding=\"async\" class=\"alignnone wp-image-4989 size-full\" src=\"https:\/\/www.spacapan.si\/wp-content\/uploads\/2022\/06\/naslovna_2022-6.jpg\" alt=\"\" width=\"1500\" height=\"1000\" \/>[\/vc_column_text][\/vc_column][\/vc_row][vc_row css=&#8220;.vc_custom_1769772016714{margin-top: 25px !important;margin-bottom: 25px !important;border-top-width: 0px !important;padding-top: 0px !important;}&#8220;][vc_column width=&#8220;2\/3&#8243; css=&#8220;.vc_custom_1769776647760{margin-top: 10px !important;margin-bottom: 10px !important;border-top-width: 0px !important;border-bottom-width: 0px !important;padding-top: 0px !important;padding-bottom: 0px !important;}&#8220; offset=&#8220;vc_hidden-sm vc_hidden-xs&#8220;][vc_column_text css=&#8220;.vc_custom_1769027345044{margin-top: 0px !important;margin-bottom: 0px !important;border-top-width: 0px !important;border-bottom-width: 0px !important;padding-top: 0px !important;padding-bottom: 0px !important;}&#8220;]<img loading=\"lazy\" decoding=\"async\" class=\"alignnone wp-image-1548 size-large\" src=\"https:\/\/www.spacapan.si\/wp-content\/uploads\/2017\/01\/2-7-1024x768.jpg\" alt=\"\" width=\"640\" height=\"480\" srcset=\"https:\/\/www.spacapan.si\/de\/wp-content\/uploads\/sites\/3\/2017\/01\/2-7-1024x768.jpg 1024w, https:\/\/www.spacapan.si\/de\/wp-content\/uploads\/sites\/3\/2017\/01\/2-7-300x225.jpg 300w, https:\/\/www.spacapan.si\/de\/wp-content\/uploads\/sites\/3\/2017\/01\/2-7-768x576.jpg 768w, https:\/\/www.spacapan.si\/de\/wp-content\/uploads\/sites\/3\/2017\/01\/2-7.jpg 1333w\" sizes=\"(max-width: 640px) 100vw, 640px\" \/>[\/vc_column_text][\/vc_column][vc_column width=&#8220;1\/3&#8243; css=&#8220;.vc_custom_1769771687813{margin-top: 0px !important;margin-bottom: 0px !important;border-top-width: 0px !important;border-bottom-width: 0px !important;padding-top: 0px !important;padding-bottom: 0px !important;}&#8220;][vc_separator border_width=&#8220;2&#8243; css=&#8220;.vc_custom_1769772309081{margin-top: 0px !important;margin-bottom: 0px !important;border-top-width: 0px !important;border-bottom-width: 0px !important;padding-top: 0px !important;padding-bottom: 0px !important;}&#8220;][vc_column_text css=&#8220;.vc_custom_1769776476907{margin-top: 0px !important;margin-bottom: 0px !important;border-top-width: 0px !important;border-bottom-width: 0px !important;padding-top: 0px !important;padding-bottom: 0px !important;}&#8220;]<\/p>\n<h3>Praktische Informationen<\/h3>\n<p><strong>Dauer:<\/strong> 60\u201390 Minuten<br \/>\n<strong>Gruppengr\u00f6\u00dfe: <\/strong>5\u201315 Personen<br \/>\n<strong>Regelm\u00e4\u00dfige Termine:<\/strong> Freitag und Samstag zwischen 17.00 und 18.30 Uhr<br \/>\n<strong>Weitere Termine:<\/strong> nach Vereinbarung<\/p>\n<p class=\"p3\"><span class=\"s2\">Die Verkostungen finden <\/span><span class=\"s3\">ausschlie\u00dflich nach vorheriger Reservierung<\/span><span class=\"s2\"> statt. <\/span><span class=\"s2\">Bitte nehmen Sie die Reservierung <\/span><span class=\"s3\">mindestens 48 Stunden im Voraus<\/span><span class=\"s2\"> vor, da die Anzahl der Pl\u00e4tze begrenzt ist.<\/span><\/p>\n<p>[\/vc_column_text][\/vc_column][\/vc_row][vc_row css=&#8220;.vc_custom_1769772016714{margin-top: 25px !important;margin-bottom: 25px !important;border-top-width: 0px !important;padding-top: 0px !important;}&#8220;][vc_column css=&#8220;.vc_custom_1769776666801{margin-top: 10px !important;margin-bottom: 10px !important;border-top-width: 0px !important;border-bottom-width: 0px !important;padding-top: 0px !important;padding-bottom: 0px !important;}&#8220; offset=&#8220;vc_hidden-lg vc_hidden-md&#8220;][vc_column_text css=&#8220;.vc_custom_1769027345044{margin-top: 0px !important;margin-bottom: 0px !important;border-top-width: 0px !important;border-bottom-width: 0px !important;padding-top: 0px !important;padding-bottom: 0px !important;}&#8220;]<img loading=\"lazy\" decoding=\"async\" class=\"alignnone wp-image-1548 size-large\" src=\"https:\/\/www.spacapan.si\/wp-content\/uploads\/2017\/01\/2-7-1024x768.jpg\" alt=\"\" width=\"640\" height=\"480\" srcset=\"https:\/\/www.spacapan.si\/de\/wp-content\/uploads\/sites\/3\/2017\/01\/2-7-1024x768.jpg 1024w, https:\/\/www.spacapan.si\/de\/wp-content\/uploads\/sites\/3\/2017\/01\/2-7-300x225.jpg 300w, https:\/\/www.spacapan.si\/de\/wp-content\/uploads\/sites\/3\/2017\/01\/2-7-768x576.jpg 768w, https:\/\/www.spacapan.si\/de\/wp-content\/uploads\/sites\/3\/2017\/01\/2-7.jpg 1333w\" sizes=\"(max-width: 640px) 100vw, 640px\" \/>[\/vc_column_text][vc_separator border_width=&#8220;2&#8243; css=&#8220;.vc_custom_1769772309081{margin-top: 0px !important;margin-bottom: 0px !important;border-top-width: 0px !important;border-bottom-width: 0px !important;padding-top: 0px !important;padding-bottom: 0px !important;}&#8220;][\/vc_column][\/vc_row]<\/p>\n","protected":false},"excerpt":{"rendered":"<p>&#8230;<\/p>\n","protected":false},"author":1,"featured_media":1550,"parent":945,"menu_order":0,"comment_status":"closed","ping_status":"closed","template":"","meta":{"footnotes":""},"_links":{"self":[{"href":"https:\/\/www.spacapan.si\/de\/wp-json\/wp\/v2\/pages\/959"}],"collection":[{"href":"https:\/\/www.spacapan.si\/de\/wp-json\/wp\/v2\/pages"}],"about":[{"href":"https:\/\/www.spacapan.si\/de\/wp-json\/wp\/v2\/types\/page"}],"author":[{"embeddable":true,"href":"https:\/\/www.spacapan.si\/de\/wp-json\/wp\/v2\/users\/1"}],"replies":[{"embeddable":true,"href":"https:\/\/www.spacapan.si\/de\/wp-json\/wp\/v2\/comments?post=959"}],"version-history":[{"count":32,"href":"https:\/\/www.spacapan.si\/de\/wp-json\/wp\/v2\/pages\/959\/revisions"}],"predecessor-version":[{"id":3319,"href":"https:\/\/www.spacapan.si\/de\/wp-json\/wp\/v2\/pages\/959\/revisions\/3319"}],"up":[{"embeddable":true,"href":"https:\/\/www.spacapan.si\/de\/wp-json\/wp\/v2\/pages\/945"}],"wp:featuredmedia":[{"embeddable":true,"href":"https:\/\/www.spacapan.si\/de\/wp-json\/wp\/v2\/media\/1550"}],"wp:attachment":[{"href":"https:\/\/www.spacapan.si\/de\/wp-json\/wp\/v2\/media?parent=959"}],"curies":[{"name":"wp","href":"https:\/\/api.w.org\/{rel}","templated":true}]}}