{"id":969,"date":"2017-01-16T21:58:47","date_gmt":"2017-01-16T20:58:47","guid":{"rendered":"https:\/\/www.spacapan.si\/de\/?page_id=969"},"modified":"2026-03-24T21:35:30","modified_gmt":"2026-03-24T20:35:30","slug":"wanderungen","status":"publish","type":"page","link":"https:\/\/www.spacapan.si\/de\/unterkuenfte\/wanderungen\/","title":{"rendered":"In der Umgebung des Hauses"},"content":{"rendered":"<p>[vc_row][vc_column width=&#8220;2\/3&#8243; offset=&#8220;vc_hidden-sm vc_hidden-xs&#8220; css=&#8220;.vc_custom_1769253336827{margin-top: 0px !important;margin-bottom: 0px !important;border-top-width: 0px !important;border-bottom-width: 0px !important;padding-top: 0px !important;padding-bottom: 0px !important;}&#8220;][vc_column_text css=&#8220;.vc_custom_1769253322049{margin-top: 0px !important;margin-bottom: 0px !important;border-top-width: 0px !important;border-bottom-width: 0px !important;padding-top: 0px !important;padding-bottom: 0px !important;}&#8220;]<img loading=\"lazy\" decoding=\"async\" class=\"alignnone wp-image-1881 size-full\" src=\"https:\/\/www.spacapan.si\/wp-content\/uploads\/2018\/01\/3-1.jpg\" alt=\"\" width=\"1000\" height=\"664\" srcset=\"https:\/\/www.spacapan.si\/de\/wp-content\/uploads\/sites\/3\/2018\/01\/3-1.jpg 1000w, https:\/\/www.spacapan.si\/de\/wp-content\/uploads\/sites\/3\/2018\/01\/3-1-300x199.jpg 300w, https:\/\/www.spacapan.si\/de\/wp-content\/uploads\/sites\/3\/2018\/01\/3-1-768x510.jpg 768w\" sizes=\"(max-width: 1000px) 100vw, 1000px\" \/>[\/vc_column_text][\/vc_column][vc_column width=&#8220;1\/3&#8243;][vc_column_text]Die Lage erm\u00f6glicht ein langsames Erkunden der Umgebung und zugleich einen ruhigen R\u00fcckzug in ein Karstdorf.<\/p>\n<blockquote><p><strong>Der Karst als Rhythmus<\/strong><\/p><\/blockquote>\n<p>Der Karst ist kein Reiseziel zum Eilen, sondern eine Art zu leben. Weinberge, Trockenmauern, weite Ausblicke und Wege laden zu Bewegung ohne Hast ein, zu Fu\u00df, mit dem Fahrrad oder einfach durch das bewusste Wahrnehmen des Raums.[\/vc_column_text][\/vc_column][\/vc_row][vc_row css=&#8220;.vc_custom_1769253771039{margin-top: 0px !important;margin-bottom: 0px !important;border-top-width: 0px !important;border-bottom-width: 0px !important;padding-top: 0px !important;padding-bottom: 0px !important;}&#8220;][vc_column offset=&#8220;vc_hidden-lg vc_hidden-md&#8220; css=&#8220;.vc_custom_1769253759551{margin-top: 0px !important;margin-bottom: 0px !important;border-top-width: 0px !important;border-bottom-width: 0px !important;padding-top: 0px !important;padding-bottom: 0px !important;}&#8220;][vc_column_text css=&#8220;.vc_custom_1769253730469{margin-top: 0px !important;margin-bottom: 0px !important;border-top-width: 0px !important;border-bottom-width: 0px !important;padding-top: 0px !important;padding-bottom: 0px !important;}&#8220;]<img loading=\"lazy\" decoding=\"async\" class=\"alignnone wp-image-1881 size-full\" src=\"https:\/\/www.spacapan.si\/wp-content\/uploads\/2018\/01\/3-1.jpg\" alt=\"\" width=\"1000\" height=\"664\" srcset=\"https:\/\/www.spacapan.si\/de\/wp-content\/uploads\/sites\/3\/2018\/01\/3-1.jpg 1000w, https:\/\/www.spacapan.si\/de\/wp-content\/uploads\/sites\/3\/2018\/01\/3-1-300x199.jpg 300w, https:\/\/www.spacapan.si\/de\/wp-content\/uploads\/sites\/3\/2018\/01\/3-1-768x510.jpg 768w\" sizes=\"(max-width: 1000px) 100vw, 1000px\" \/>[\/vc_column_text][\/vc_column][\/vc_row][vc_row css=&#8220;.vc_custom_1769253251395{margin-top: 0px !important;margin-bottom: 0px !important;border-top-width: 0px !important;border-bottom-width: 0px !important;padding-top: 0px !important;padding-bottom: 0px !important;}&#8220;][vc_column css=&#8220;.vc_custom_1769253597649{margin-top: 0px !important;margin-bottom: 0px !important;border-top-width: 0px !important;border-bottom-width: 0px !important;padding-top: 0px !important;padding-bottom: 0px !important;}&#8220;][vc_separator border_width=&#8220;2&#8243; css=&#8220;.vc_custom_1769253627641{margin-top: 20px !important;margin-bottom: 20px !important;border-top-width: 0px !important;border-bottom-width: 0px !important;padding-top: 0px !important;padding-bottom: 0px !important;}&#8220;][\/vc_column][\/vc_row][vc_row][vc_column css=&#8220;.vc_custom_1769256707543{margin-top: 0px !important;margin-bottom: 0px !important;border-top-width: 0px !important;border-bottom-width: 0px !important;padding-top: 0px !important;padding-bottom: 0px !important;}&#8220; offset=&#8220;vc_hidden-lg vc_hidden-md&#8220;][vc_column_text]<img loading=\"lazy\" decoding=\"async\" class=\"alignnone size-full wp-image-6598\" src=\"https:\/\/www.spacapan.si\/wp-content\/uploads\/2026\/01\/dimbikes_002-2.jpg\" alt=\"\" width=\"1600\" height=\"1067\" \/>[\/vc_column_text][\/vc_column][\/vc_row][vc_row css=&#8220;.vc_custom_1769256564222{margin-top: 0px !important;margin-bottom: 0px !important;border-top-width: 0px !important;border-bottom-width: 0px !important;padding-top: 0px !important;padding-bottom: 0px !important;}&#8220;][vc_column width=&#8220;1\/3&#8243; css=&#8220;.vc_custom_1769256700297{margin-top: 0px !important;margin-bottom: 0px !important;border-top-width: 0px !important;border-bottom-width: 0px !important;padding-top: 0px !important;padding-bottom: 0px !important;}&#8220;][vc_column_text css=&#8220;.vc_custom_1769256760871{margin-top: 20px !important;margin-bottom: 0px !important;border-top-width: 0px !important;border-bottom-width: 0px !important;padding-top: 0px !important;padding-bottom: 0px !important;}&#8220;]<\/p>\n<h3>Radfahren im Karst<\/h3>\n<p>Die abwechslungsreiche Hochebene mit ruhigen Stra\u00dfen und Schotterwegen eignet sich sehr gut zum Radfahren. Die Wege verbinden Karstd\u00f6rfer, R\u00e4nder der Hochebene und Ausblicke zum Meer. Die sch\u00f6nste Zeit zum Radfahren sind Fr\u00fchling und Herbst.<\/p>\n<p>F\u00fcr Routenvorschl\u00e4ge, Schwierigkeitsgrade und saisonale Informationen empfehlen wir das offizielle Portal der Destination:[\/vc_column_text][vc_message message_box_color=&#8220;black&#8220; icon_fontawesome=&#8220;fa fa-share-square-o&#8220; css=&#8220;.vc_custom_1769256838590{margin-top: 20px !important;margin-bottom: 0px !important;}&#8220;]<a href=\"https:\/\/www.visitkras.info\/\"><strong><span style=\"color: #ffffff\">Visit Kras<\/span><\/strong><\/a>[\/vc_message][\/vc_column][vc_column width=&#8220;2\/3&#8243; offset=&#8220;vc_hidden-sm vc_hidden-xs&#8220;][vc_column_text]<img loading=\"lazy\" decoding=\"async\" class=\"alignnone size-full wp-image-6598\" src=\"https:\/\/www.spacapan.si\/wp-content\/uploads\/2026\/01\/dimbikes_002-2.jpg\" alt=\"\" width=\"1600\" height=\"1067\" \/>[\/vc_column_text][\/vc_column][\/vc_row][vc_row css=&#8220;.vc_custom_1769253251395{margin-top: 0px !important;margin-bottom: 0px !important;border-top-width: 0px !important;border-bottom-width: 0px !important;padding-top: 0px !important;padding-bottom: 0px !important;}&#8220;][vc_column css=&#8220;.vc_custom_1769253597649{margin-top: 0px !important;margin-bottom: 0px !important;border-top-width: 0px !important;border-bottom-width: 0px !important;padding-top: 0px !important;padding-bottom: 0px !important;}&#8220;][vc_separator border_width=&#8220;2&#8243; css=&#8220;.vc_custom_1769253627641{margin-top: 20px !important;margin-bottom: 20px !important;border-top-width: 0px !important;border-bottom-width: 0px !important;padding-top: 0px !important;padding-bottom: 0px !important;}&#8220;][\/vc_column][\/vc_row][vc_row css=&#8220;.vc_custom_1769256578299{margin-top: 0px !important;margin-bottom: 0px !important;border-top-width: 0px !important;border-bottom-width: 0px !important;padding-top: 0px !important;padding-bottom: 0px !important;}&#8220;][vc_column width=&#8220;2\/3&#8243; css=&#8220;.vc_custom_1769256787467{margin-top: 0px !important;margin-bottom: 0px !important;border-top-width: 0px !important;border-bottom-width: 0px !important;padding-top: 0px !important;padding-bottom: 0px !important;}&#8220;][vc_column_text css=&#8220;.vc_custom_1769256776416{margin-top: 0px !important;margin-bottom: 0px !important;border-top-width: 0px !important;border-bottom-width: 0px !important;padding-top: 0px !important;padding-bottom: 0px !important;}&#8220;]<img loading=\"lazy\" decoding=\"async\" class=\"alignnone wp-image-5827 size-full\" src=\"https:\/\/www.spacapan.si\/wp-content\/uploads\/2024\/04\/programi.jpg\" alt=\"Pogled na kra\u0161ko vasico in morje v ozadju v bli\u017eini \u0160pacapanove hi\u0161e na Krasu\" width=\"2362\" height=\"1575\" \/>[\/vc_column_text][\/vc_column][vc_column width=&#8220;1\/3&#8243; css=&#8220;.vc_custom_1769257037724{margin-top: 0px !important;margin-bottom: 0px !important;border-top-width: 0px !important;border-bottom-width: 0px !important;padding-top: 0px !important;padding-bottom: 0px !important;}&#8220;][vc_column_text css=&#8220;.vc_custom_1769256867409{margin-top: 20px !important;margin-bottom: 0px !important;border-top-width: 0px !important;border-bottom-width: 0px !important;padding-top: 0px !important;padding-bottom: 0px !important;}&#8220;]<\/p>\n<h3>Meer und St\u00e4dte<\/h3>\n<p>Das Meer und urbane Zentren sind in kurzer Fahrzeit erreichbar:<br \/>\n&#8211; <strong>Triest<\/strong> \u2013 ungef\u00e4hr 25 Minuten Fahrt<br \/>\n&#8211; <strong>Sistiana<\/strong> \u2013 ungef\u00e4hr 20 Minuten Fahrt<\/p>\n<p>Geeignet f\u00fcr einen Spaziergang am Meer, einen Morgenkaffee oder eine abendliche Auszeit.[\/vc_column_text][\/vc_column][\/vc_row][vc_row css=&#8220;.vc_custom_1769253251395{margin-top: 0px !important;margin-bottom: 0px !important;border-top-width: 0px !important;border-bottom-width: 0px !important;padding-top: 0px !important;padding-bottom: 0px !important;}&#8220;][vc_column css=&#8220;.vc_custom_1769253597649{margin-top: 0px !important;margin-bottom: 0px !important;border-top-width: 0px !important;border-bottom-width: 0px !important;padding-top: 0px !important;padding-bottom: 0px !important;}&#8220;][vc_separator border_width=&#8220;2&#8243; css=&#8220;.vc_custom_1769253627641{margin-top: 20px !important;margin-bottom: 20px !important;border-top-width: 0px !important;border-bottom-width: 0px !important;padding-top: 0px !important;padding-bottom: 0px !important;}&#8220;][\/vc_column][\/vc_row][vc_row css=&#8220;.vc_custom_1769256593402{margin-top: 0px !important;margin-bottom: 0px !important;border-top-width: 0px !important;border-bottom-width: 0px !important;padding-top: 0px !important;padding-bottom: 0px !important;}&#8220;][vc_column width=&#8220;1\/3&#8243; css=&#8220;.vc_custom_1769257049782{margin-top: 0px !important;margin-bottom: 0px !important;border-top-width: 0px !important;border-bottom-width: 0px !important;padding-top: 0px !important;padding-bottom: 0px !important;}&#8220;][vc_column_text css=&#8220;.vc_custom_1769256881707{margin-top: 0px !important;margin-bottom: 20px !important;border-top-width: 0px !important;border-bottom-width: 0px !important;padding-top: 0px !important;padding-bottom: 0px !important;}&#8220;]<\/p>\n<h3>Geschichte und Karstd\u00f6rfer<\/h3>\n<p><strong>\u0160tanjel<\/strong> \u2013 ungef\u00e4hr 10 Minuten Fahrt, ideal f\u00fcr einen kurzen Spaziergang durch die steinernen Gassen und einen Halt im Ferrari Garten<\/p>\n<p><strong>Schloss Duino<\/strong> \u2013 ungef\u00e4hr 22 Minuten Fahrt, Ausblicke \u00fcber den Golf von Triest[\/vc_column_text][\/vc_column][vc_column width=&#8220;2\/3&#8243;][vc_column_text css=&#8220;.vc_custom_1769256895039{margin-top: 0px !important;margin-bottom: 0px !important;border-top-width: 0px !important;border-bottom-width: 0px !important;padding-top: 0px !important;padding-bottom: 0px !important;}&#8220;]<\/p>\n<figure id=\"attachment_6556\" aria-describedby=\"caption-attachment-6556\" style=\"width: 1347px\" class=\"wp-caption alignnone\"><img loading=\"lazy\" decoding=\"async\" class=\"wp-image-6556 size-full\" src=\"https:\/\/www.spacapan.si\/wp-content\/uploads\/2026\/01\/VisitStanjel-PromoFotoDron-2022-8-2.jpg\" alt=\"\" width=\"1347\" height=\"898\" \/><figcaption id=\"caption-attachment-6556\" class=\"wp-caption-text\">Quelle: Archiv ORA Kras und Brkini d.o.o.<\/figcaption><\/figure>\n<p>[\/vc_column_text][\/vc_column][\/vc_row][vc_row css=&#8220;.vc_custom_1769253251395{margin-top: 0px !important;margin-bottom: 0px !important;border-top-width: 0px !important;border-bottom-width: 0px !important;padding-top: 0px !important;padding-bottom: 0px !important;}&#8220;][vc_column css=&#8220;.vc_custom_1769253597649{margin-top: 0px !important;margin-bottom: 0px !important;border-top-width: 0px !important;border-bottom-width: 0px !important;padding-top: 0px !important;padding-bottom: 0px !important;}&#8220;][vc_separator border_width=&#8220;2&#8243; css=&#8220;.vc_custom_1769253627641{margin-top: 20px !important;margin-bottom: 20px !important;border-top-width: 0px !important;border-bottom-width: 0px !important;padding-top: 0px !important;padding-bottom: 0px !important;}&#8220;][\/vc_column][\/vc_row][vc_row css=&#8220;.vc_custom_1769256607719{margin-top: 0px !important;margin-bottom: 0px !important;border-top-width: 0px !important;border-bottom-width: 0px !important;padding-top: 0px !important;padding-bottom: 0px !important;}&#8220;][vc_column width=&#8220;2\/3&#8243;][vc_column_text css=&#8220;.vc_custom_1769685968142{margin-top: 0px !important;margin-bottom: 20px !important;border-top-width: 0px !important;border-bottom-width: 0px !important;padding-top: 0px !important;padding-bottom: 0px !important;}&#8220;]<img loading=\"lazy\" decoding=\"async\" class=\"alignnone wp-image-6609 size-full\" src=\"https:\/\/www.spacapan.si\/wp-content\/uploads\/2026\/01\/Razgledisce-5.jpg\" alt=\"\" width=\"1599\" height=\"1268\" \/><\/p>\n<p>[\/vc_column_text][\/vc_column][vc_column width=&#8220;1\/3&#8243; css=&#8220;.vc_custom_1769257064536{margin-top: 0px !important;margin-bottom: 0px !important;border-top-width: 0px !important;border-bottom-width: 0px !important;padding-top: 0px !important;padding-bottom: 0px !important;}&#8220;][vc_column_text css=&#8220;.vc_custom_1769256933742{margin-top: 0px !important;margin-bottom: 0px !important;border-top-width: 0px !important;border-bottom-width: 0px !important;padding-top: 0px !important;padding-bottom: 0px !important;}&#8220;]<\/p>\n<h3>Unterirdischer Karst<\/h3>\n<p>Die unterirdische Welt des Karsts bietet ein anderes Raumerlebnis:<br \/>\n<strong>Park der \u0160kocjan H\u00f6hlen<\/strong> \u2013 ungef\u00e4hr 35 Minuten Fahrt<br \/>\n<strong>H\u00f6hle Vilenica<\/strong> \u2013 ungef\u00e4hr 31 Minuten Fahrt<\/p>\n<p>Besuche sind vor allem in den w\u00e4rmeren Monaten eine angenehme Wahl.[\/vc_column_text][\/vc_column][\/vc_row][vc_row css=&#8220;.vc_custom_1769253251395{margin-top: 0px !important;margin-bottom: 0px !important;border-top-width: 0px !important;border-bottom-width: 0px !important;padding-top: 0px !important;padding-bottom: 0px !important;}&#8220;][vc_column css=&#8220;.vc_custom_1769253597649{margin-top: 0px !important;margin-bottom: 0px !important;border-top-width: 0px !important;border-bottom-width: 0px !important;padding-top: 0px !important;padding-bottom: 0px !important;}&#8220;][vc_separator border_width=&#8220;2&#8243; css=&#8220;.vc_custom_1769253627641{margin-top: 20px !important;margin-bottom: 20px !important;border-top-width: 0px !important;border-bottom-width: 0px !important;padding-top: 0px !important;padding-bottom: 0px !important;}&#8220;][\/vc_column][\/vc_row][vc_row css=&#8220;.vc_custom_1769256619783{margin-top: 0px !important;margin-bottom: 0px !important;border-top-width: 0px !important;border-bottom-width: 0px !important;padding-top: 0px !important;padding-bottom: 0px !important;}&#8220;][vc_column width=&#8220;2\/3&#8243; css=&#8220;.vc_custom_1769257085914{margin-top: 0px !important;margin-bottom: 0px !important;border-top-width: 0px !important;border-bottom-width: 0px !important;padding-top: 0px !important;padding-bottom: 0px !important;}&#8220;][vc_column_text css=&#8220;.vc_custom_1769779251343{margin-top: 0px !important;margin-bottom: 20px !important;border-top-width: 0px !important;border-bottom-width: 0px !important;padding-top: 0px !important;padding-bottom: 0px !important;}&#8220;]<\/p>\n<h3>Ruhe und Tradition<\/h3>\n<p>Der Karst ist kein Ort der Hast. Hier folgt das Leben dem Rhythmus der Natur, und Ruhe und Zeit bekommen eine andere Bedeutung. [\/vc_column_text][\/vc_column][vc_column width=&#8220;1\/3&#8243;][\/vc_column][\/vc_row][vc_row disable_element=&#8220;yes&#8220;][vc_column width=&#8220;1\/3&#8243;][vc_column_text]In unserer N\u00e4he befinden sich: Triest, Sistiana, Portopiccolo, Schloss Duino, Schloss Miramare, Burg Rihemberk, Burg \u0160tanjel, Grado, Flughafen Ronchi, H\u00f6hle Vilenica, Denkmal f\u00fcr die Verteidiger des slowenischen Bodens in Cerje, Park der \u0160kocjan H\u00f6hlen, H\u00f6hle von Postojna, Gest\u00fct Lipica und Golf Club Lipica.[\/vc_column_text][\/vc_column][vc_column width=&#8220;2\/3&#8243;][vc_column_text]<img loading=\"lazy\" decoding=\"async\" class=\"alignnone wp-image-1883 size-full\" src=\"https:\/\/www.spacapan.si\/wp-content\/uploads\/2018\/01\/2-1.jpg\" alt=\"\" width=\"1000\" height=\"664\" srcset=\"https:\/\/www.spacapan.si\/de\/wp-content\/uploads\/sites\/3\/2018\/01\/2-1.jpg 1000w, https:\/\/www.spacapan.si\/de\/wp-content\/uploads\/sites\/3\/2018\/01\/2-1-300x199.jpg 300w, https:\/\/www.spacapan.si\/de\/wp-content\/uploads\/sites\/3\/2018\/01\/2-1-768x510.jpg 768w\" sizes=\"(max-width: 1000px) 100vw, 1000px\" \/>[\/vc_column_text][\/vc_column][\/vc_row][vc_row disable_element=&#8220;yes&#8220;][vc_column width=&#8220;2\/3&#8243;][\/vc_column][vc_column width=&#8220;1\/3&#8243;][vc_column_text]AKTIVIT\u00c4TEN IM KARST<\/p>\n<p>Gesamter Karst: <a href=\"http:\/\/www.visitkras.info\" target=\"_blank\" rel=\"noopener\">Klick!<\/a><br \/>\n\u0160tanjel: <a href=\"https:\/\/www.visitkras.info\/stanjel?p=kaj-poceti\/znamenitosti\" target=\"_blank\" rel=\"noopener\">Klick!<\/a><br \/>\nMit dem Fahrrad durch den Karst: <a href=\"https:\/\/www.visitkras.info\/kaj-poceti\/kolesarjenje\/\" target=\"_blank\" rel=\"noopener\">Klick!<\/a><br \/>\nZu Fu\u00df durch den Karst: <a href=\"https:\/\/www.visitkras.info\/kaj-poceti\/pohodnistvo\/\" target=\"_blank\" rel=\"noopener\">Klick!<\/a><br \/>\nWeinkeller im Karst:<a href=\"https:\/\/www.visitkras.info\/kaj-poceti\/vino-in-kulinarika\/vinske-kleti\/\" target=\"_blank\" rel=\"noopener\">Klick!<\/a><br \/>\nWeitere Erlebnisse im Karst: <a href=\"https:\/\/www.visitkras.info\/kaj-poceti\/dozivetja\/\" target=\"_blank\" rel=\"noopener\">Klick!<\/a><br \/>\nFahrradverleih: <a href=\"https:\/\/www.rockvelo.com\/?lang=sl\" target=\"_blank\" rel=\"noopener\">Klick!<\/a><br \/>\nBurg Rihemberk: <a href=\"https:\/\/rihemberk.com\/\" target=\"_blank\" rel=\"noopener\">Klick!<\/a><br \/>\nDenkmal Cerje: <a href=\"https:\/\/www.mirenkras.si\/pomnik-miru\/obisk-pomnika-miru\" target=\"_blank\" rel=\"noopener\">Klick!<\/a>[\/vc_column_text][\/vc_column][\/vc_row]<\/p>\n","protected":false},"excerpt":{"rendered":"<p>&#8230;<\/p>\n","protected":false},"author":1,"featured_media":1850,"parent":961,"menu_order":0,"comment_status":"closed","ping_status":"closed","template":"","meta":{"footnotes":""},"_links":{"self":[{"href":"https:\/\/www.spacapan.si\/de\/wp-json\/wp\/v2\/pages\/969"}],"collection":[{"href":"https:\/\/www.spacapan.si\/de\/wp-json\/wp\/v2\/pages"}],"about":[{"href":"https:\/\/www.spacapan.si\/de\/wp-json\/wp\/v2\/types\/page"}],"author":[{"embeddable":true,"href":"https:\/\/www.spacapan.si\/de\/wp-json\/wp\/v2\/users\/1"}],"replies":[{"embeddable":true,"href":"https:\/\/www.spacapan.si\/de\/wp-json\/wp\/v2\/comments?post=969"}],"version-history":[{"count":27,"href":"https:\/\/www.spacapan.si\/de\/wp-json\/wp\/v2\/pages\/969\/revisions"}],"predecessor-version":[{"id":3403,"href":"https:\/\/www.spacapan.si\/de\/wp-json\/wp\/v2\/pages\/969\/revisions\/3403"}],"up":[{"embeddable":true,"href":"https:\/\/www.spacapan.si\/de\/wp-json\/wp\/v2\/pages\/961"}],"wp:featuredmedia":[{"embeddable":true,"href":"https:\/\/www.spacapan.si\/de\/wp-json\/wp\/v2\/media\/1850"}],"wp:attachment":[{"href":"https:\/\/www.spacapan.si\/de\/wp-json\/wp\/v2\/media?parent=969"}],"curies":[{"name":"wp","href":"https:\/\/api.w.org\/{rel}","templated":true}]}}