{"id":959,"date":"2017-01-16T21:57:12","date_gmt":"2017-01-16T20:57:12","guid":{"rendered":"https:\/\/www.spacapan.si\/en\/?page_id=959"},"modified":"2026-02-22T17:52:40","modified_gmt":"2026-02-22T16:52:40","slug":"tastings","status":"publish","type":"page","link":"https:\/\/www.spacapan.si\/en\/miro-cellar\/tastings\/","title":{"rendered":"Tastings"},"content":{"rendered":"<p>[vc_row css=&#8221;.vc_custom_1769777081995{margin-top: 0px !important;margin-bottom: 20px !important;border-top-width: 0px !important;border-bottom-width: 0px !important;padding-top: 0px !important;padding-bottom: 0px !important;}&#8221;][vc_column width=&#8221;1\/3&#8243; css=&#8221;.vc_custom_1769026968265{margin-top: 0px !important;margin-bottom: 0px !important;border-top-width: 0px !important;border-bottom-width: 0px !important;padding-top: 0px !important;padding-bottom: 0px !important;}&#8221;][vc_column_text css=&#8221;.vc_custom_1771778824543{margin-top: 0px !important;margin-bottom: 10px !important;border-top-width: 0px !important;border-bottom-width: 0px !important;padding-top: 0px !important;padding-bottom: 0px !important;}&#8221;]<\/p>\n<h3 data-start=\"1492\" data-end=\"1619\">Everything you will taste is produced, matured, or created right here \u2013 in our cellar, vinegar house, and the surrounding area.<\/h3>\n<p data-start=\"1621\" data-end=\"1950\">Join a guided tasting in Miro\u2019s cellar at \u0160pacapanova hi\u0161a, where in 60\u201390 minutes you will discover the flavours of the Karst through wine, cured meats, cheeses, spirits, and vinegar. This tasting is for guests who want a concrete, authentic experience \u2013 no show, no set design, but directly where these products are truly made.<\/p>\n<p>[\/vc_column_text][\/vc_column][vc_column width=&#8221;2\/3&#8243; css=&#8221;.vc_custom_1769027386833{margin-top: 0px !important;margin-bottom: 0px !important;border-top-width: 0px !important;border-bottom-width: 0px !important;padding-top: 0px !important;padding-bottom: 0px !important;}&#8221; offset=&#8221;vc_hidden-sm vc_hidden-xs&#8221;][vc_column_text css=&#8221;.vc_custom_1769771076020{margin-top: 0px !important;margin-bottom: 0px !important;border-top-width: 0px !important;border-bottom-width: 0px !important;padding-top: 0px !important;padding-bottom: 0px !important;}&#8221;]<img loading=\"lazy\" decoding=\"async\" class=\"alignnone wp-image-4645 size-full\" src=\"https:\/\/www.spacapan.si\/wp-content\/uploads\/2021\/11\/ago-klet.jpg\" alt=\"\" width=\"1200\" height=\"900\" \/>[\/vc_column_text][\/vc_column][\/vc_row][vc_row css=&#8221;.vc_custom_1769026892593{margin-top: 0px !important;margin-bottom: 0px !important;border-top-width: 0px !important;border-bottom-width: 0px !important;padding-top: 0px !important;padding-bottom: 0px !important;}&#8221;][vc_column css=&#8221;.vc_custom_1769027137863{margin-top: 0px !important;margin-bottom: 0px !important;border-top-width: 0px !important;border-bottom-width: 0px !important;padding-top: 0px !important;padding-bottom: 0px !important;}&#8221; offset=&#8221;vc_hidden-lg vc_hidden-md&#8221;][vc_column_text css=&#8221;.vc_custom_1769776792105{margin-top: 20px !important;margin-bottom: 0px !important;border-top-width: 0px !important;border-bottom-width: 0px !important;padding-top: 0px !important;padding-bottom: 0px !important;}&#8221;]<img loading=\"lazy\" decoding=\"async\" class=\"alignnone wp-image-4645 size-full\" src=\"https:\/\/www.spacapan.si\/wp-content\/uploads\/2021\/11\/ago-klet.jpg\" alt=\"\" width=\"1200\" height=\"900\" \/>[\/vc_column_text][\/vc_column][\/vc_row][vc_row css=&#8221;.vc_custom_1769070548449{margin-top: 0px !important;border-top-width: 0px !important;padding-top: 0px !important;}&#8221;][vc_column width=&#8221;2\/3&#8243; css=&#8221;.vc_custom_1769771730118{margin-top: 10px !important;margin-bottom: 10px !important;border-top-width: 0px !important;border-bottom-width: 0px !important;padding-top: 0px !important;padding-bottom: 0px !important;}&#8221; offset=&#8221;vc_hidden-sm vc_hidden-xs&#8221;][vc_column_text]<img loading=\"lazy\" decoding=\"async\" class=\"alignnone wp-image-5651 size-full\" src=\"https:\/\/www.spacapan.si\/wp-content\/uploads\/2024\/02\/klet.jpg\" alt=\"\" width=\"1890\" height=\"1417\" \/>[\/vc_column_text][\/vc_column][vc_column width=&#8221;1\/3&#8243; css=&#8221;.vc_custom_1769771703535{margin-top: 0px !important;margin-bottom: 0px !important;border-top-width: 0px !important;border-bottom-width: 0px !important;padding-top: 0px !important;padding-bottom: 0px !important;}&#8221;][vc_column_text css=&#8221;.vc_custom_1771778845775{margin-top: 0px !important;margin-bottom: 0px !important;border-top-width: 0px !important;border-bottom-width: 0px !important;padding-top: 0px !important;padding-bottom: 0px !important;}&#8221;]<\/p>\n<h3 data-start=\"1952\" data-end=\"1963\"><strong data-start=\"1952\" data-end=\"1963\">Setting<\/strong><\/h3>\n<p data-start=\"1965\" data-end=\"2216\">The tasting takes place in the living cellar beneath the restaurant, where prosciutto, salami, cheeses, and wines are aged. Stone vaults, wood, and the distinctive aroma of cured meats create a space that is not a museum display, but a working cellar.<\/p>\n<p data-start=\"2218\" data-end=\"2289\"><strong>This is a setting where the tasting is not watched \u2013 it is experienced.<\/strong><\/p>\n<p>[\/vc_column_text][\/vc_column][\/vc_row][vc_row css=&#8221;.vc_custom_1769026892593{margin-top: 0px !important;margin-bottom: 0px !important;border-top-width: 0px !important;border-bottom-width: 0px !important;padding-top: 0px !important;padding-bottom: 0px !important;}&#8221;][vc_column css=&#8221;.vc_custom_1769776826400{margin-top: 0px !important;margin-bottom: 0px !important;border-top-width: 0px !important;border-bottom-width: 0px !important;padding-top: 0px !important;padding-bottom: 0px !important;}&#8221; offset=&#8221;vc_hidden-lg vc_hidden-md&#8221;][vc_column_text css=&#8221;.vc_custom_1769776930074{margin-top: 20px !important;margin-bottom: 15px !important;border-top-width: 0px !important;border-bottom-width: 0px !important;padding-top: 0px !important;padding-bottom: 0px !important;}&#8221;]<img loading=\"lazy\" decoding=\"async\" class=\"alignnone wp-image-5651 size-full\" src=\"https:\/\/www.spacapan.si\/wp-content\/uploads\/2024\/02\/klet.jpg\" alt=\"\" width=\"1890\" height=\"1417\" \/>[\/vc_column_text][\/vc_column][\/vc_row][vc_row][vc_column css=&#8221;.vc_custom_1769070615259{margin-top: 10px !important;margin-bottom: 10px !important;border-top-width: 0px !important;border-bottom-width: 0px !important;padding-top: 0px !important;padding-bottom: 0px !important;}&#8221; offset=&#8221;vc_hidden-lg vc_hidden-md&#8221;][vc_separator border_width=&#8221;2&#8243; css=&#8221;.vc_custom_1769027268264{margin-top: 0px !important;margin-bottom: 0px !important;border-top-width: 0px !important;border-bottom-width: 0px !important;padding-top: 0px !important;padding-bottom: 0px !important;}&#8221;][\/vc_column][\/vc_row][vc_row css=&#8221;.vc_custom_1769070548449{margin-top: 0px !important;border-top-width: 0px !important;padding-top: 0px !important;}&#8221;][vc_column width=&#8221;1\/3&#8243; css=&#8221;.vc_custom_1769776880170{margin-top: 0px !important;margin-bottom: 10px !important;border-top-width: 0px !important;border-bottom-width: 0px !important;padding-top: 0px !important;padding-bottom: 0px !important;}&#8221; offset=&#8221;vc_hidden-lg vc_hidden-md&#8221;][vc_column_text css=&#8221;.vc_custom_1769775815117{margin-top: 0px !important;margin-bottom: 0px !important;border-top-width: 0px !important;border-bottom-width: 0px !important;padding-top: 0px !important;padding-bottom: 0px !important;}&#8221;]<\/p>\n<h3><strong>Degustacija vina, suhih mesnin, sira, \u017eganic in kisa<\/strong><\/h3>\n<h4><strong>Cena: <\/strong><strong>37,00 \u20ac\/osebo<\/strong><\/h4>\n<p><strong>V degustaciji prejmete:<\/strong><br \/>\n&#8211; 4 izbrana kra\u0161ka vina<br \/>\n&#8211; narezan pr\u0161ut in kra\u0161ke salame (lastna zorenja)<br \/>\n&#8211; izbor kra\u0161kih sirov<br \/>\n&#8211; doma\u010di kruh z dro\u017emi<br \/>\n&#8211; 2 \u017eganici<br \/>\n&#8211; degustacijo 3\u20134 kisov z ogledom doma\u010de kisarne<\/p>\n<p>Degustacijo vodi poznavalec (najpogosteje \u010dlan dru\u017eine), ki ob oku\u0161anju razlo\u017ei izvor izdelkov, na\u010din pridelave in njihovo povezanost s Krasom.[\/vc_column_text][vc_tta_accordion shape=&#8221;square&#8221; color=&#8221;black&#8221; c_icon=&#8221;chevron&#8221; active_section=&#8221;0&#8243; no_fill=&#8221;true&#8221; css=&#8221;.vc_custom_1769771922694{margin-top: 15px !important;margin-bottom: 0px !important;border-top-width: 0px !important;border-bottom-width: 0px !important;padding-top: 0px !important;padding-bottom: 0px !important;}&#8221;][vc_tta_section title=&#8221;Rezerviraj degustacijo&#8221; tab_id=&#8221;1769070106188-ab38671b-00b0&#8243;][vc_column_text]<\/p>\n<blockquote><p><a href=\"mailto:info@spacapan.si\">info@spacapan.si<\/a><\/p><\/blockquote>\n<p>[\/vc_column_text][\/vc_tta_section][\/vc_tta_accordion][\/vc_column][vc_column width=&#8221;2\/3&#8243; css=&#8221;.vc_custom_1769070647616{margin-top: 0px !important;margin-bottom: 0px !important;border-top-width: 0px !important;border-bottom-width: 0px !important;padding-top: 0px !important;padding-bottom: 0px !important;}&#8221; offset=&#8221;vc_hidden-lg vc_hidden-md&#8221;][vc_column_text css=&#8221;.vc_custom_1769770611359{margin-top: 0px !important;margin-bottom: 0px !important;border-top-width: 0px !important;border-bottom-width: 0px !important;padding-top: 0px !important;padding-bottom: 0px !important;}&#8221;]<img loading=\"lazy\" decoding=\"async\" class=\"alignnone wp-image-4989 size-full\" src=\"https:\/\/www.spacapan.si\/wp-content\/uploads\/2022\/06\/naslovna_2022-6.jpg\" alt=\"\" width=\"1500\" height=\"1000\" \/>[\/vc_column_text][\/vc_column][\/vc_row][vc_row css=&#8221;.vc_custom_1769070548449{margin-top: 0px !important;border-top-width: 0px !important;padding-top: 0px !important;}&#8221;][vc_column width=&#8221;1\/3&#8243; css=&#8221;.vc_custom_1769070696721{margin-top: 10px !important;margin-bottom: 10px !important;border-top-width: 0px !important;border-bottom-width: 0px !important;padding-top: 0px !important;padding-bottom: 0px !important;}&#8221; offset=&#8221;vc_hidden-sm vc_hidden-xs&#8221;][vc_column_text css=&#8221;.vc_custom_1771779151749{margin-top: 0px !important;margin-bottom: 0px !important;border-top-width: 0px !important;border-bottom-width: 0px !important;padding-top: 0px !important;padding-bottom: 0px !important;}&#8221;]<\/p>\n<h3 data-start=\"2291\" data-end=\"2380\"><strong data-start=\"2291\" data-end=\"2353\">Tasting of wine, cured meats, cheese, spirits, and vinegar<\/strong><\/h3>\n<p><strong>Price: \u20ac37.00 per person<\/strong><\/p>\n<p><strong>Included in the tasting:<\/strong><br \/>\n&#8211; 4 selected Karst wines<br \/>\n&#8211; sliced prosciutto and Karst salami (aged in-house)<br \/>\n&#8211; a selection of Karst cheeses<br \/>\n&#8211; house sourdough bread<br \/>\n&#8211; 2 spirits<br \/>\n&#8211; a tasting of 3\u20134 vinegars with a visit to our vinegar house<\/p>\n<p>The tasting is led by a knowledgeable host (most often a member of the family), who explains the origin of the products, how they are made, and their connection to the Karst.[\/vc_column_text][vc_tta_accordion shape=&#8221;square&#8221; color=&#8221;black&#8221; c_icon=&#8221;chevron&#8221; active_section=&#8221;0&#8243; no_fill=&#8221;true&#8221; css=&#8221;.vc_custom_1769771922694{margin-top: 15px !important;margin-bottom: 0px !important;border-top-width: 0px !important;border-bottom-width: 0px !important;padding-top: 0px !important;padding-bottom: 0px !important;}&#8221;][vc_tta_section title=&#8221;Book a tasting&#8221; tab_id=&#8221;1769776987486-85bb1828-6fc7&#8243;][vc_column_text]<\/p>\n<blockquote><p><a href=\"mailto:info@spacapan.si\">info@spacapan.si<\/a><\/p><\/blockquote>\n<p>[\/vc_column_text][\/vc_tta_section][\/vc_tta_accordion][\/vc_column][vc_column width=&#8221;2\/3&#8243; css=&#8221;.vc_custom_1769070681765{margin-top: 0px !important;margin-bottom: 0px !important;border-top-width: 0px !important;border-bottom-width: 0px !important;padding-top: 0px !important;padding-bottom: 0px !important;}&#8221; offset=&#8221;vc_hidden-sm vc_hidden-xs&#8221;][vc_column_text css=&#8221;.vc_custom_1769770611359{margin-top: 0px !important;margin-bottom: 0px !important;border-top-width: 0px !important;border-bottom-width: 0px !important;padding-top: 0px !important;padding-bottom: 0px !important;}&#8221;]<img loading=\"lazy\" decoding=\"async\" class=\"alignnone wp-image-4989 size-full\" src=\"https:\/\/www.spacapan.si\/wp-content\/uploads\/2022\/06\/naslovna_2022-6.jpg\" alt=\"\" width=\"1500\" height=\"1000\" \/>[\/vc_column_text][\/vc_column][\/vc_row][vc_row css=&#8221;.vc_custom_1769772016714{margin-top: 25px !important;margin-bottom: 25px !important;border-top-width: 0px !important;padding-top: 0px !important;}&#8221;][vc_column width=&#8221;2\/3&#8243; css=&#8221;.vc_custom_1769776647760{margin-top: 10px !important;margin-bottom: 10px !important;border-top-width: 0px !important;border-bottom-width: 0px !important;padding-top: 0px !important;padding-bottom: 0px !important;}&#8221; offset=&#8221;vc_hidden-sm vc_hidden-xs&#8221;][vc_column_text css=&#8221;.vc_custom_1769027345044{margin-top: 0px !important;margin-bottom: 0px !important;border-top-width: 0px !important;border-bottom-width: 0px !important;padding-top: 0px !important;padding-bottom: 0px !important;}&#8221;]<img loading=\"lazy\" decoding=\"async\" class=\"alignnone wp-image-1548 size-large\" src=\"https:\/\/www.spacapan.si\/wp-content\/uploads\/2017\/01\/2-7-1024x768.jpg\" alt=\"\" width=\"640\" height=\"480\" srcset=\"https:\/\/www.spacapan.si\/en\/wp-content\/uploads\/sites\/5\/2017\/01\/2-7-1024x768.jpg 1024w, https:\/\/www.spacapan.si\/en\/wp-content\/uploads\/sites\/5\/2017\/01\/2-7-300x225.jpg 300w, https:\/\/www.spacapan.si\/en\/wp-content\/uploads\/sites\/5\/2017\/01\/2-7-768x576.jpg 768w, https:\/\/www.spacapan.si\/en\/wp-content\/uploads\/sites\/5\/2017\/01\/2-7.jpg 1333w\" sizes=\"(max-width: 640px) 100vw, 640px\" \/>[\/vc_column_text][\/vc_column][vc_column width=&#8221;1\/3&#8243; css=&#8221;.vc_custom_1769771687813{margin-top: 0px !important;margin-bottom: 0px !important;border-top-width: 0px !important;border-bottom-width: 0px !important;padding-top: 0px !important;padding-bottom: 0px !important;}&#8221;][vc_separator border_width=&#8221;2&#8243; css=&#8221;.vc_custom_1769772309081{margin-top: 0px !important;margin-bottom: 0px !important;border-top-width: 0px !important;border-bottom-width: 0px !important;padding-top: 0px !important;padding-bottom: 0px !important;}&#8221;][vc_column_text css=&#8221;.vc_custom_1771778975555{margin-top: 0px !important;margin-bottom: 0px !important;border-top-width: 0px !important;border-bottom-width: 0px !important;padding-top: 0px !important;padding-bottom: 0px !important;}&#8221;]<\/p>\n<h3>Practical information<\/h3>\n<p><strong>Duration:<\/strong> 60\u201390 minutes<br \/>\n<strong>Group size:<\/strong> 5\u201315 people<br \/>\n<strong>Regular times:<\/strong> Friday and Saturday between 5:00 and 6:30 pm<br \/>\n<strong>Other times:<\/strong> by arrangement<\/p>\n<p>Tastings are available exclusively by prior reservation. Please book at least 48 hours in advance, as the number of places is limited.[\/vc_column_text][\/vc_column][\/vc_row][vc_row css=&#8221;.vc_custom_1769772016714{margin-top: 25px !important;margin-bottom: 25px !important;border-top-width: 0px !important;padding-top: 0px !important;}&#8221;][vc_column css=&#8221;.vc_custom_1769776666801{margin-top: 10px !important;margin-bottom: 10px !important;border-top-width: 0px !important;border-bottom-width: 0px !important;padding-top: 0px !important;padding-bottom: 0px !important;}&#8221; offset=&#8221;vc_hidden-lg vc_hidden-md&#8221;][vc_column_text css=&#8221;.vc_custom_1769027345044{margin-top: 0px !important;margin-bottom: 0px !important;border-top-width: 0px !important;border-bottom-width: 0px !important;padding-top: 0px !important;padding-bottom: 0px !important;}&#8221;]<img loading=\"lazy\" decoding=\"async\" class=\"alignnone wp-image-1548 size-large\" src=\"https:\/\/www.spacapan.si\/wp-content\/uploads\/2017\/01\/2-7-1024x768.jpg\" alt=\"\" width=\"640\" height=\"480\" srcset=\"https:\/\/www.spacapan.si\/en\/wp-content\/uploads\/sites\/5\/2017\/01\/2-7-1024x768.jpg 1024w, https:\/\/www.spacapan.si\/en\/wp-content\/uploads\/sites\/5\/2017\/01\/2-7-300x225.jpg 300w, https:\/\/www.spacapan.si\/en\/wp-content\/uploads\/sites\/5\/2017\/01\/2-7-768x576.jpg 768w, https:\/\/www.spacapan.si\/en\/wp-content\/uploads\/sites\/5\/2017\/01\/2-7.jpg 1333w\" sizes=\"(max-width: 640px) 100vw, 640px\" \/>[\/vc_column_text][vc_separator border_width=&#8221;2&#8243; css=&#8221;.vc_custom_1769772309081{margin-top: 0px !important;margin-bottom: 0px !important;border-top-width: 0px !important;border-bottom-width: 0px !important;padding-top: 0px !important;padding-bottom: 0px !important;}&#8221;][\/vc_column][\/vc_row]<\/p>\n","protected":false},"excerpt":{"rendered":"<p>&#8230;<\/p>\n","protected":false},"author":1,"featured_media":1550,"parent":945,"menu_order":0,"comment_status":"closed","ping_status":"closed","template":"","meta":{"footnotes":""},"_links":{"self":[{"href":"https:\/\/www.spacapan.si\/en\/wp-json\/wp\/v2\/pages\/959"}],"collection":[{"href":"https:\/\/www.spacapan.si\/en\/wp-json\/wp\/v2\/pages"}],"about":[{"href":"https:\/\/www.spacapan.si\/en\/wp-json\/wp\/v2\/types\/page"}],"author":[{"embeddable":true,"href":"https:\/\/www.spacapan.si\/en\/wp-json\/wp\/v2\/users\/1"}],"replies":[{"embeddable":true,"href":"https:\/\/www.spacapan.si\/en\/wp-json\/wp\/v2\/comments?post=959"}],"version-history":[{"count":33,"href":"https:\/\/www.spacapan.si\/en\/wp-json\/wp\/v2\/pages\/959\/revisions"}],"predecessor-version":[{"id":4269,"href":"https:\/\/www.spacapan.si\/en\/wp-json\/wp\/v2\/pages\/959\/revisions\/4269"}],"up":[{"embeddable":true,"href":"https:\/\/www.spacapan.si\/en\/wp-json\/wp\/v2\/pages\/945"}],"wp:featuredmedia":[{"embeddable":true,"href":"https:\/\/www.spacapan.si\/en\/wp-json\/wp\/v2\/media\/1550"}],"wp:attachment":[{"href":"https:\/\/www.spacapan.si\/en\/wp-json\/wp\/v2\/media?parent=959"}],"curies":[{"name":"wp","href":"https:\/\/api.w.org\/{rel}","templated":true}]}}