{"id":1157,"date":"2017-06-08T14:03:11","date_gmt":"2017-06-08T12:03:11","guid":{"rendered":"https:\/\/www.spacapan.si\/it\/?page_id=1157"},"modified":"2020-10-26T19:57:01","modified_gmt":"2020-10-26T18:57:01","slug":"buoni-regalo","status":"publish","type":"page","link":"https:\/\/www.spacapan.si\/it\/buoni-regalo\/","title":{"rendered":"Buoni regalo"},"content":{"rendered":"<p>[vc_row][vc_column width=&#8221;7\/12&#8243;][vc_column_text]<a href=\"https:\/\/www.spacapan.si\/it\/buoni-regalo\/itstran\/\" rel=\"attachment wp-att-2393\"><img loading=\"lazy\" decoding=\"async\" class=\"alignnone wp-image-2393 size-full\" src=\"https:\/\/www.spacapan.si\/it\/wp-content\/uploads\/sites\/4\/2018\/12\/itStran.jpg\" alt=\"\" width=\"283\" height=\"567\" srcset=\"https:\/\/www.spacapan.si\/it\/wp-content\/uploads\/sites\/4\/2018\/12\/itStran.jpg 283w, https:\/\/www.spacapan.si\/it\/wp-content\/uploads\/sites\/4\/2018\/12\/itStran-150x300.jpg 150w\" sizes=\"(max-width: 283px) 100vw, 283px\" \/><\/a>[\/vc_column_text][\/vc_column][vc_column width=&#8221;5\/12&#8243;][vc_column_text]Regalate ai vostri cari un regalo delizioso. Scegliete tra quattro diversi buoni regalo che il ricevente pu\u00f2 utilizzare nel nostro ristorante, nella cantina di Miro, per gli alloggi nella \u0160pacapanova hi\u0161a o anche per gli acquisti sul nostro negozio online.<\/p>\n<p><select id=\"darilnibon\"><option>Seleziona il valore<\/option><option value=\"https:\/\/www.spacapan.si\/izdelek\/darilni-bon-75e\/\">75\u20ac<\/option><option value=\"https:\/\/www.spacapan.si\/izdelek\/darilni-bon-100e\/\">100\u20ac<\/option><option value=\"https:\/\/www.spacapan.si\/izdelek\/darilni-bon-150e\/\">150\u20ac<\/option><option value=\"https:\/\/www.spacapan.si\/izdelek\/darilni-bon-200e\/\">200\u20ac<\/option><\/select>[\/vc_column_text][\/vc_column][\/vc_row]<\/p>\n","protected":false},"excerpt":{"rendered":"<p>&#8230;<\/p>\n","protected":false},"author":1,"featured_media":2254,"parent":0,"menu_order":0,"comment_status":"closed","ping_status":"closed","template":"","meta":{"footnotes":""},"_links":{"self":[{"href":"https:\/\/www.spacapan.si\/it\/wp-json\/wp\/v2\/pages\/1157"}],"collection":[{"href":"https:\/\/www.spacapan.si\/it\/wp-json\/wp\/v2\/pages"}],"about":[{"href":"https:\/\/www.spacapan.si\/it\/wp-json\/wp\/v2\/types\/page"}],"author":[{"embeddable":true,"href":"https:\/\/www.spacapan.si\/it\/wp-json\/wp\/v2\/users\/1"}],"replies":[{"embeddable":true,"href":"https:\/\/www.spacapan.si\/it\/wp-json\/wp\/v2\/comments?post=1157"}],"version-history":[{"count":25,"href":"https:\/\/www.spacapan.si\/it\/wp-json\/wp\/v2\/pages\/1157\/revisions"}],"predecessor-version":[{"id":3625,"href":"https:\/\/www.spacapan.si\/it\/wp-json\/wp\/v2\/pages\/1157\/revisions\/3625"}],"wp:featuredmedia":[{"embeddable":true,"href":"https:\/\/www.spacapan.si\/it\/wp-json\/wp\/v2\/media\/2254"}],"wp:attachment":[{"href":"https:\/\/www.spacapan.si\/it\/wp-json\/wp\/v2\/media?parent=1157"}],"curies":[{"name":"wp","href":"https:\/\/api.w.org\/{rel}","templated":true}]}}