{"id":4014,"date":"2026-02-25T09:42:31","date_gmt":"2026-02-25T08:42:31","guid":{"rendered":"https:\/\/www.spacapan.si\/it\/?page_id=4014"},"modified":"2026-02-25T09:42:31","modified_gmt":"2026-02-25T08:42:31","slug":"colazione-di-ada","status":"publish","type":"page","link":"https:\/\/www.spacapan.si\/it\/colazione-di-ada\/","title":{"rendered":"Colazione di Ada"},"content":{"rendered":"<p>[vc_row][vc_column width=&#8221;1\/3&#8243;][vc_column_text]Alla \u0160pacapanova hi\u0161a la giornata non inizia con la frenesia. Inizia con il profumo del caff\u00e8, il pane caldo e il silenzio del mattino carsico. La colazione di Ada non \u00e8 un angolo self-service. \u00c8 un\u2019esperienza di circa un\u2019ora, preparata per ogni tavolo singolarmente.<\/p>\n<blockquote>\n<p data-start=\"270\" data-end=\"350\">Ogni servizio nasce al momento, seguendo il ritmo della cucina e delle stagioni.<\/p>\n<\/blockquote>\n<p>[\/vc_column_text][\/vc_column][vc_column width=&#8221;2\/3&#8243;][vc_column_text]<img loading=\"lazy\" decoding=\"async\" class=\"alignnone wp-image-6880 size-full\" src=\"https:\/\/www.spacapan.si\/wp-content\/uploads\/2026\/02\/IMGP4496.jpg\" alt=\"\" width=\"1000\" height=\"750\" \/>[\/vc_column_text][\/vc_column][\/vc_row][vc_row][vc_column width=&#8221;2\/3&#8243; offset=&#8221;vc_hidden-sm vc_hidden-xs&#8221;][vc_column_text]<img loading=\"lazy\" decoding=\"async\" class=\"alignnone size-full wp-image-6882\" src=\"https:\/\/www.spacapan.si\/wp-content\/uploads\/2026\/02\/IMGP4539.jpg\" alt=\"\" width=\"1000\" height=\"750\" \/>[\/vc_column_text][\/vc_column][vc_column width=&#8221;1\/3&#8243;][vc_column_text]<\/p>\n<p data-start=\"352\" data-end=\"527\">Sulla tavola arrivano per primi caff\u00e8 o cappuccino, t\u00e8 autentico, latte o cacao, acqua, succo fatto in casa e un sorso di barbabietola rossa che risveglia dolcemente il corpo.<\/p>\n<p data-start=\"529\" data-end=\"614\"><strong>Segue la casa:<\/strong> pane appena sfornato, diverse marmellate fatte in casa, burro e miele.<\/p>\n<p data-start=\"616\" data-end=\"745\"><strong>L\u2019orto e la stagione:<\/strong> smoothie di frutta, yogurt fatto in casa, muesli e frutta secca, verdure fresche o delicatamente preparate.<\/p>\n<p data-start=\"747\" data-end=\"832\">Il carattere carsico \u00e8 completato dai salumi \u0160pacapan e da una selezione di formaggi.<\/p>\n<p data-start=\"834\" data-end=\"945\">Il cuore caldo della colazione sono le uova secondo la ricetta del giorno \u2013 sempre di stagione, sempre diverse.<\/p>\n<p data-start=\"947\" data-end=\"1003\">Per concludere, frutta e il dolce della casa del giorno.<\/p>\n<p>[\/vc_column_text][\/vc_column][\/vc_row][vc_row][vc_column offset=&#8221;vc_hidden-lg vc_hidden-md&#8221;][vc_column_text]<img loading=\"lazy\" decoding=\"async\" class=\"alignnone size-full wp-image-6882\" src=\"https:\/\/www.spacapan.si\/wp-content\/uploads\/2026\/02\/IMGP4539.jpg\" alt=\"\" width=\"1000\" height=\"750\" \/>[\/vc_column_text][\/vc_column][\/vc_row][vc_row][vc_column width=&#8221;2\/3&#8243;][vc_column_text]<\/p>\n<h4 data-start=\"1005\" data-end=\"1011\">Orario<\/h4>\n<p data-start=\"1013\" data-end=\"1184\">La colazione viene servita tra le 8.00 e le 10.00.<br data-start=\"1063\" data-end=\"1066\" \/>Dura circa un\u2019ora.<br data-start=\"1084\" data-end=\"1087\" \/>La prepariamo esclusivamente su prenotazione, poich\u00e9 ogni tavolo viene allestito individualmente.<\/p>\n<p>[\/vc_column_text][vc_column_text]<\/p>\n<h4 data-start=\"1186\" data-end=\"1192\">Prezzo<\/h4>\n<p data-start=\"1194\" data-end=\"1443\">25 \u20ac a persona (per gli ospiti che pernottano da noi)<br data-start=\"1247\" data-end=\"1250\" \/>\u00c8 possibile anche per ospiti esterni (27 \u20ac a persona), esclusivamente su prenotazione e secondo disponibilit\u00e0.<br data-start=\"1360\" data-end=\"1363\" \/>Il prezzo include l\u2019intera esperienza con tutte le portate e le bevande servite.<\/p>\n<p>[\/vc_column_text][vc_column_text]<\/p>\n<h4 data-start=\"1445\" data-end=\"1476\">Vivila come parte del soggiorno<\/h4>\n<p data-start=\"1478\" data-end=\"1604\" data-is-last-node=\"\" data-is-only-node=\"\">La colazione di Adin \u00e8 il modo pi\u00f9 bello per iniziare la giornata dopo una notte alla \u0160pacapanova hi\u0161a.<br data-start=\"1581\" data-end=\"1584\" \/><a href=\"https:\/\/www.spacapan.si\/en\/accommodation\/rooms\/\">Prenota una camera \u2192<\/a><\/p>\n<p>[\/vc_column_text][\/vc_column][vc_column width=&#8221;1\/3&#8243;][\/vc_column][\/vc_row]<\/p>\n","protected":false},"excerpt":{"rendered":"<p>&#8230;<\/p>\n","protected":false},"author":10,"featured_media":4015,"parent":0,"menu_order":0,"comment_status":"closed","ping_status":"closed","template":"","meta":{"footnotes":""},"_links":{"self":[{"href":"https:\/\/www.spacapan.si\/it\/wp-json\/wp\/v2\/pages\/4014"}],"collection":[{"href":"https:\/\/www.spacapan.si\/it\/wp-json\/wp\/v2\/pages"}],"about":[{"href":"https:\/\/www.spacapan.si\/it\/wp-json\/wp\/v2\/types\/page"}],"author":[{"embeddable":true,"href":"https:\/\/www.spacapan.si\/it\/wp-json\/wp\/v2\/users\/10"}],"replies":[{"embeddable":true,"href":"https:\/\/www.spacapan.si\/it\/wp-json\/wp\/v2\/comments?post=4014"}],"version-history":[{"count":2,"href":"https:\/\/www.spacapan.si\/it\/wp-json\/wp\/v2\/pages\/4014\/revisions"}],"predecessor-version":[{"id":4017,"href":"https:\/\/www.spacapan.si\/it\/wp-json\/wp\/v2\/pages\/4014\/revisions\/4017"}],"wp:featuredmedia":[{"embeddable":true,"href":"https:\/\/www.spacapan.si\/it\/wp-json\/wp\/v2\/media\/4015"}],"wp:attachment":[{"href":"https:\/\/www.spacapan.si\/it\/wp-json\/wp\/v2\/media?parent=4014"}],"curies":[{"name":"wp","href":"https:\/\/api.w.org\/{rel}","templated":true}]}}