{"id":930,"date":"2017-01-16T21:25:32","date_gmt":"2017-01-16T20:25:32","guid":{"rendered":"https:\/\/www.spacapan.si\/it\/?page_id=930"},"modified":"2026-02-22T20:29:26","modified_gmt":"2026-02-22T19:29:26","slug":"il-ristorante","status":"publish","type":"page","link":"https:\/\/www.spacapan.si\/it\/ristorante\/il-ristorante\/","title":{"rendered":"Il ristorante"},"content":{"rendered":"<p>[vc_row][vc_column width=&#8221;2\/3&#8243;][vc_column_text]<img loading=\"lazy\" decoding=\"async\" class=\"alignnone wp-image-1528 size-full\" src=\"https:\/\/www.spacapan.si\/wp-content\/uploads\/2017\/01\/1-10.jpg\" alt=\"\" width=\"1000\" height=\"763\" srcset=\"https:\/\/www.spacapan.si\/it\/wp-content\/uploads\/sites\/4\/2017\/01\/1-10.jpg 1000w, https:\/\/www.spacapan.si\/it\/wp-content\/uploads\/sites\/4\/2017\/01\/1-10-300x229.jpg 300w, https:\/\/www.spacapan.si\/it\/wp-content\/uploads\/sites\/4\/2017\/01\/1-10-768x586.jpg 768w\" sizes=\"(max-width: 1000px) 100vw, 1000px\" \/>[\/vc_column_text][\/vc_column][vc_column width=&#8221;1\/3&#8243;][vc_column_text]<\/p>\n<h3 data-start=\"0\" data-end=\"27\"><strong data-start=\"0\" data-end=\"27\">Gli inizi e la famiglia<\/strong><\/h3>\n<p data-start=\"29\" data-end=\"491\"><strong>\u0160pacapanova hi\u0161a racconta la storia della cucina del Carso fin dal 25 dicembre 1973, quando la famiglia ha rilevato la vecchia osteria del paese a Komen.<\/strong> Da allora cresce insieme a noi \u2013 Miro, Ada, Ago, Elis \u2013 e con il team che negli anni \u00e8 diventato parte della casa.<\/p>\n<p data-start=\"29\" data-end=\"491\">L\u2019osteria non si \u00e8 sviluppata seguendo le mode, ma grazie al lavoro quotidiano, alla pazienza e al rispetto per l\u2019ambiente in cui si trova. \u00c8 una casa in cui la storia non si espone: si vive.<\/p>\n<p>[\/vc_column_text][\/vc_column][\/vc_row][vc_row][vc_column width=&#8221;1\/3&#8243;][vc_column_text]<\/p>\n<h3 data-start=\"493\" data-end=\"525\"><strong data-start=\"493\" data-end=\"525\">La cucina e le materie prime<\/strong><\/h3>\n<p data-start=\"527\" data-end=\"1022\">La nostra cucina si fonda sulle materie prime del Carso, che in gran parte prepariamo noi stessi. Nella nostra cantina stagionano prosciutti e salami, produciamo aceto, coltiviamo i nostri vini (Teran, Ribolla, Malvasia \u2026), e le verdure arrivano dall\u2019orto di casa o da contadini vicini che conosciamo personalmente.<\/p>\n<p data-start=\"527\" data-end=\"1022\">Quello che non produciamo noi, lo acquistiamo da produttori locali di fiducia. Non per moda, ma perch\u00e9 vogliamo sapere da dove proviene ogni ingrediente e cosa porta nel piatto.<\/p>\n<p>[\/vc_column_text][\/vc_column][vc_column width=&#8221;2\/3&#8243;][vc_column_text]<img loading=\"lazy\" decoding=\"async\" class=\"alignnone wp-image-6778 size-full\" src=\"https:\/\/www.spacapan.si\/wp-content\/uploads\/2026\/01\/IMGP8941.jpg\" alt=\"\" width=\"2500\" height=\"1875\" \/>[\/vc_column_text][\/vc_column][\/vc_row][vc_row][vc_column width=&#8221;2\/3&#8243;][vc_column_text]<img loading=\"lazy\" decoding=\"async\" class=\"alignnone wp-image-6780 size-full\" src=\"https:\/\/www.spacapan.si\/wp-content\/uploads\/2026\/01\/IMGP1300-1.jpg\" alt=\"\" width=\"2064\" height=\"1548\" \/>[\/vc_column_text][\/vc_column][vc_column width=&#8221;1\/3&#8243;][vc_column_text]<\/p>\n<h3 data-start=\"1024\" data-end=\"1058\"><strong data-start=\"1024\" data-end=\"1058\">L\u2019ospite come parte della casa<\/strong><\/h3>\n<p data-start=\"1060\" data-end=\"1255\">Da noi l\u2019ospite non \u00e8 un numero su una prenotazione. Ci sediamo con voi a tavola, parliamo di vino, di piatti, del Carso. L\u2019osteria \u00e8 la nostra casa \u2013 e vogliamo che anche voi vi sentiate cos\u00ec.<\/p>\n<p data-start=\"1257\" data-end=\"1391\"><strong>\u0160pacapanova hi\u0161a non \u00e8 costruita sulla formalit\u00e0, ma sul rispetto per l\u2019ospite e su un senso di casa che resta a lungo dopo la visita.<\/strong><\/p>\n<p>[\/vc_column_text][\/vc_column][\/vc_row][vc_row][vc_column width=&#8221;1\/2&#8243;][vc_column_text]<\/p>\n<blockquote>\n<p style=\"text-align: left\">Rispettiamo il Carso. Rispettiamo gli ingredienti. Rispettiamo voi. <strong>Benvenuti a casa \u2013 dal 25 dicembre 1973.<\/strong><\/p>\n<\/blockquote>\n<p>[\/vc_column_text][\/vc_column][vc_column width=&#8221;1\/2&#8243;][\/vc_column][\/vc_row]<\/p>\n","protected":false},"excerpt":{"rendered":"<p>&#8230;<\/p>\n","protected":false},"author":1,"featured_media":1852,"parent":928,"menu_order":0,"comment_status":"closed","ping_status":"closed","template":"","meta":{"footnotes":""},"_links":{"self":[{"href":"https:\/\/www.spacapan.si\/it\/wp-json\/wp\/v2\/pages\/930"}],"collection":[{"href":"https:\/\/www.spacapan.si\/it\/wp-json\/wp\/v2\/pages"}],"about":[{"href":"https:\/\/www.spacapan.si\/it\/wp-json\/wp\/v2\/types\/page"}],"author":[{"embeddable":true,"href":"https:\/\/www.spacapan.si\/it\/wp-json\/wp\/v2\/users\/1"}],"replies":[{"embeddable":true,"href":"https:\/\/www.spacapan.si\/it\/wp-json\/wp\/v2\/comments?post=930"}],"version-history":[{"count":27,"href":"https:\/\/www.spacapan.si\/it\/wp-json\/wp\/v2\/pages\/930\/revisions"}],"predecessor-version":[{"id":3957,"href":"https:\/\/www.spacapan.si\/it\/wp-json\/wp\/v2\/pages\/930\/revisions\/3957"}],"up":[{"embeddable":true,"href":"https:\/\/www.spacapan.si\/it\/wp-json\/wp\/v2\/pages\/928"}],"wp:featuredmedia":[{"embeddable":true,"href":"https:\/\/www.spacapan.si\/it\/wp-json\/wp\/v2\/media\/1852"}],"wp:attachment":[{"href":"https:\/\/www.spacapan.si\/it\/wp-json\/wp\/v2\/media?parent=930"}],"curies":[{"name":"wp","href":"https:\/\/api.w.org\/{rel}","templated":true}]}}