{"id":965,"date":"2017-01-16T21:58:08","date_gmt":"2017-01-16T20:58:08","guid":{"rendered":"https:\/\/www.spacapan.si\/it\/?page_id=965"},"modified":"2026-02-25T09:44:29","modified_gmt":"2026-02-25T08:44:29","slug":"camere","status":"publish","type":"page","link":"https:\/\/www.spacapan.si\/it\/alloggi\/camere\/","title":{"rendered":"Camere"},"content":{"rendered":"<p>[vc_row][vc_column][vc_cta h2=&#8221;&#8221; style=&#8221;flat&#8221; color=&#8221;grey&#8221;]<a href=\"https:\/\/www.spacapan.si\/en\/accommodation\/rooms\/\"><strong>Puoi effettuare una prenotazione online qui.<\/strong><\/a>[\/vc_cta][\/vc_column][vc_row][\/vc_row][vc_column width=&#8221;2\/3&#8243;][vc_column_text]<img loading=\"lazy\" decoding=\"async\" class=\"alignnone size-full wp-image-4706\" src=\"https:\/\/www.spacapan.si\/wp-content\/uploads\/2021\/11\/Soba-Spacapanova-hisa.jpg\" alt=\"\" width=\"1500\" height=\"1000\" \/>[\/vc_column_text][\/vc_column][vc_column width=&#8221;1\/3&#8243;][vc_column_text css=&#8221;.vc_custom_1771961302100{margin-bottom: 10px !important;border-bottom-width: 0px !important;padding-bottom: 0px !important;}&#8221;]Presso \u0160pacapanova hi\u0161a sono disponibili 10 camere doppie, arredate con mobili unici in rovere massello, materiali naturali e colori delicati, che creano una sensazione di calore, tranquillit\u00e0 e atmosfera familiare. Ogni camera dispone di un bagno privato. <strong>In alcune camere selezionate \u00e8 possibile aggiungere un letto supplementare esclusivamente per bambini.<\/strong>[\/vc_column_text][vc_column_text css=&#8221;.vc_custom_1771961323007{margin-top: 20px !important;margin-bottom: 10px !important;border-bottom-width: 0px !important;padding-bottom: 0px !important;}&#8221;]<\/p>\n<p data-start=\"361\" data-end=\"421\">La colazione di Ada: un mattino che si prende il suo tempo.<\/p>\n<p>[\/vc_column_text][vc_column_text css=&#8221;.vc_custom_1771961337340{margin-bottom: 10px !important;border-bottom-width: 0px !important;padding-bottom: 0px !important;}&#8221;]<\/p>\n<p class=\"p3\">Dopo una notte alla \u0160pacapanova hi\u0161a, la giornata inizia lentamente \u2013 con pane caldo, caff\u00e8 e il silenzio del Carso. Un\u2019esperienza di circa un\u2019ora, preparata per ogni tavolo singolarmente.<\/p>\n<p>[\/vc_column_text][vc_column_text css=&#8221;.vc_custom_1771961352926{margin-top: 0px !important;border-top-width: 0px !important;padding-top: 0px !important;}&#8221;]<\/p>\n<p data-start=\"613\" data-end=\"642\"><a href=\"https:\/\/www.spacapan.si\/it\/colazione-di-ada\/\">Scopri la colazione di Ada \u2192<\/a><\/p>\n<p>[\/vc_column_text][vc_column_text css=&#8221;.vc_custom_1771961395424{margin-top: 20px !important;margin-bottom: 10px !important;border-bottom-width: 0px !important;padding-bottom: 0px !important;}&#8221;]<\/p>\n<p data-start=\"644\" data-end=\"667\">Dotazioni delle camere:<\/p>\n<p>[\/vc_column_text][vc_column_text css=&#8221;.vc_custom_1771961455025{margin-bottom: 20px !important;border-bottom-width: 0px !important;padding-bottom: 0px !important;}&#8221;]- WC e lavabo<br \/>\n&#8211; vasca idromassaggio<br \/>\n&#8211; biancheria da letto fresca<br \/>\n&#8211; asciugamani, saponi naturali alla lavanda e shampoo<br \/>\n&#8211; asciugacapelli<br \/>\n&#8211; aria condizionata<br \/>\n&#8211; Wi-Fi gratuito<br \/>\n&#8211; televisione<br \/>\n&#8211; oscuramento della camera<br \/>\n&#8211; mini bar in cinque camere[\/vc_column_text][\/vc_column][vc_row][vc_column width=&#8221;1\/3&#8243; offset=&#8221;vc_hidden-xs&#8221; css=&#8221;.vc_custom_1769769677074{margin-left: 10px !important;}&#8221;][vc_column_text]<\/p>\n<h3 data-start=\"932\" data-end=\"957\">Prezzo del pernottamento:<\/h3>\n<p>camera doppia: 110 \u20ac<br data-start=\"979\" data-end=\"982\" \/>camera doppia (letto alla francese): 100 \u20ac<br data-start=\"1024\" data-end=\"1027\" \/>per una persona: 90 \u20ac<br data-start=\"1048\" data-end=\"1051\" \/>letto supplementare (solo per bambini): 35 \u20ac<br data-start=\"1095\" data-end=\"1098\" \/>lettino per bambini: 10 \u20ac \/ giorno<br data-start=\"1132\" data-end=\"1135\" \/>cane: 15 \u20ac \/ giorno<br data-start=\"1154\" data-end=\"1157\" \/>La colazione di Ada: 25 \u20ac \/ giorno<br data-start=\"1192\" data-end=\"1195\" \/>tassa di soggiorno: 2,5 \u20ac \/ persona \/ giorno<\/p>\n<p>Nel caso in cui non pernottiate presso di noi, ma desideriate iniziare la giornata con la colazione di Ada, il prezzo della colazione \u00e8 di 27,00 \u20ac a persona.<\/p>\n<p><em>* Durante l\u2019alta stagione il prezzo del pernottamento \u00e8 di 10 \u20ac in pi\u00f9. L\u2019alta stagione va dal 1\u00b0 maggio al 30 settembre.<\/em>[\/vc_column_text][\/vc_column][vc_column width=&#8221;2\/3&#8243; offset=&#8221;vc_hidden-xs&#8221;][vc_column_text]<img loading=\"lazy\" decoding=\"async\" class=\"alignnone size-full wp-image-4711\" src=\"https:\/\/www.spacapan.si\/wp-content\/uploads\/2021\/11\/Sobe-Kras.jpg\" alt=\"\" width=\"1500\" height=\"1000\" \/>[\/vc_column_text][\/vc_column][\/vc_row][vc_row][vc_column width=&#8221;1\/3&#8243; offset=&#8221;vc_hidden-lg vc_hidden-md vc_hidden-sm&#8221;][vc_column_text]<img loading=\"lazy\" decoding=\"async\" class=\"alignnone size-full wp-image-4711\" src=\"https:\/\/www.spacapan.si\/wp-content\/uploads\/2021\/11\/Sobe-Kras.jpg\" alt=\"\" width=\"1500\" height=\"1000\" \/>[\/vc_column_text][vc_column_text]<\/p>\n<h3 data-start=\"932\" data-end=\"957\">Prezzo del pernottamento:<\/h3>\n<p>&nbsp;<\/p>\n<p>camera doppia: 110 \u20ac<br data-start=\"979\" data-end=\"982\" \/>camera doppia (letto alla francese): 100 \u20ac<br data-start=\"1024\" data-end=\"1027\" \/>per una persona: 90 \u20ac<br data-start=\"1048\" data-end=\"1051\" \/>letto supplementare (solo per bambini): 35 \u20ac<br data-start=\"1095\" data-end=\"1098\" \/>lettino per bambini: 10 \u20ac \/ giorno<br data-start=\"1132\" data-end=\"1135\" \/>cane: 15 \u20ac \/ giorno<br data-start=\"1154\" data-end=\"1157\" \/>La colazione di Ada: 25 \u20ac \/ giorno<br data-start=\"1192\" data-end=\"1195\" \/>tassa di soggiorno: 2,5 \u20ac \/ persona \/ giorno<\/p>\n<p>&nbsp;<\/p>\n<p>Nel caso in cui non pernottiate presso di noi, ma desideriate iniziare la giornata con la colazione di Ada, il prezzo della colazione \u00e8 di 27,00 \u20ac a persona.<\/p>\n<p>&nbsp;<\/p>\n<p><em>* Durante l\u2019alta stagione il prezzo del pernottamento \u00e8 di 10 \u20ac in pi\u00f9. L\u2019alta stagione va dal 1\u00b0 maggio al 30 settembre.<\/em>[\/vc_column_text][\/vc_column][vc_column width=&#8221;2\/3&#8243; offset=&#8221;vc_hidden-lg vc_hidden-md vc_hidden-sm&#8221;][\/vc_column][\/vc_row][vc_row][vc_column width=&#8221;2\/3&#8243;][vc_column_text]<img loading=\"lazy\" decoding=\"async\" class=\"alignnone size-full wp-image-4710\" src=\"https:\/\/www.spacapan.si\/wp-content\/uploads\/2021\/11\/Nocitev-na-Krasu.jpg\" alt=\"\" width=\"1500\" height=\"1000\" \/>[\/vc_column_text][\/vc_column][vc_column width=&#8221;1\/3&#8243; css=&#8221;.vc_custom_1769769697662{margin-left: 10px !important;}&#8221;][vc_column_text]<\/p>\n<h3 data-start=\"2109\" data-end=\"2133\">Informazioni aggiuntive<strong>:<\/strong><\/h3>\n<p>&#8211; Check-in il giorno di arrivo: tra le 16.00 e le 20.00<br \/>\n&#8211; Check-out il giorno di partenza: entro le 11.00 (su accordo anche pi\u00f9 tardi, se possibile)<br \/>\n&#8211; La colazione viene servita tra le 8.00 e le 10.00<br \/>\n&#8211; La prenotazione di una camera presso \u0160pacapanova hi\u0161a pu\u00f2 essere cancellata gratuitamente fino a una settimana prima dell\u2019arrivo previsto<br \/>\n&#8211; La cancellazione fino a tre giorni prima dell\u2019arrivo comporta l\u2019addebito del 50 %, mentre la cancellazione negli ultimi tre giorni o la mancata presentazione comportano l\u2019addebito del 100 % dell\u2019importo<br \/>\n&#8211; Al momento della prenotazione viene addebitato un acconto del 30 %<br \/>\n&#8211; Tutti i prezzi sono validi per prenotazioni effettuate tramite il sito web o via e-mail; per prenotazioni tramite altri canali (ad es. Booking) ci riserviamo il diritto di adeguare i prezzi fino all\u2019importo della commissione del fornitore<br \/>\n&#8211; Al banco \u00e8 disponibile letteratura enogastronomica e altra letteratura per consultazione interna<br \/>\n&#8211; Le camere sono disponibili tutto l\u2019anno<br \/>\n&#8211; Tutti i prezzi sono in euro (\u20ac) e includono l\u2019IVA[\/vc_column_text][\/vc_column][\/vc_row]<\/p>\n","protected":false},"excerpt":{"rendered":"<p>&#8230;<\/p>\n","protected":false},"author":1,"featured_media":1418,"parent":961,"menu_order":0,"comment_status":"closed","ping_status":"closed","template":"","meta":{"footnotes":""},"_links":{"self":[{"href":"https:\/\/www.spacapan.si\/it\/wp-json\/wp\/v2\/pages\/965"}],"collection":[{"href":"https:\/\/www.spacapan.si\/it\/wp-json\/wp\/v2\/pages"}],"about":[{"href":"https:\/\/www.spacapan.si\/it\/wp-json\/wp\/v2\/types\/page"}],"author":[{"embeddable":true,"href":"https:\/\/www.spacapan.si\/it\/wp-json\/wp\/v2\/users\/1"}],"replies":[{"embeddable":true,"href":"https:\/\/www.spacapan.si\/it\/wp-json\/wp\/v2\/comments?post=965"}],"version-history":[{"count":64,"href":"https:\/\/www.spacapan.si\/it\/wp-json\/wp\/v2\/pages\/965\/revisions"}],"predecessor-version":[{"id":4019,"href":"https:\/\/www.spacapan.si\/it\/wp-json\/wp\/v2\/pages\/965\/revisions\/4019"}],"up":[{"embeddable":true,"href":"https:\/\/www.spacapan.si\/it\/wp-json\/wp\/v2\/pages\/961"}],"wp:featuredmedia":[{"embeddable":true,"href":"https:\/\/www.spacapan.si\/it\/wp-json\/wp\/v2\/media\/1418"}],"wp:attachment":[{"href":"https:\/\/www.spacapan.si\/it\/wp-json\/wp\/v2\/media?parent=965"}],"curies":[{"name":"wp","href":"https:\/\/api.w.org\/{rel}","templated":true}]}}