{"id":969,"date":"2017-01-16T21:58:47","date_gmt":"2017-01-16T20:58:47","guid":{"rendered":"https:\/\/www.spacapan.si\/it\/?page_id=969"},"modified":"2026-02-26T22:07:40","modified_gmt":"2026-02-26T21:07:40","slug":"esplorazione","status":"publish","type":"page","link":"https:\/\/www.spacapan.si\/it\/alloggi\/esplorazione\/","title":{"rendered":"Nei dintorni della casa"},"content":{"rendered":"<p>[vc_row][vc_column width=&#8221;2\/3&#8243; offset=&#8221;vc_hidden-sm vc_hidden-xs&#8221; css=&#8221;.vc_custom_1769253336827{margin-top: 0px !important;margin-bottom: 0px !important;border-top-width: 0px !important;border-bottom-width: 0px !important;padding-top: 0px !important;padding-bottom: 0px !important;}&#8221;][vc_column_text css=&#8221;.vc_custom_1769253322049{margin-top: 0px !important;margin-bottom: 0px !important;border-top-width: 0px !important;border-bottom-width: 0px !important;padding-top: 0px !important;padding-bottom: 0px !important;}&#8221;]<img loading=\"lazy\" decoding=\"async\" class=\"alignnone wp-image-1881 size-full\" src=\"https:\/\/www.spacapan.si\/wp-content\/uploads\/2018\/01\/3-1.jpg\" alt=\"\" width=\"1000\" height=\"664\" srcset=\"https:\/\/www.spacapan.si\/it\/wp-content\/uploads\/sites\/4\/2018\/01\/3-1.jpg 1000w, https:\/\/www.spacapan.si\/it\/wp-content\/uploads\/sites\/4\/2018\/01\/3-1-300x199.jpg 300w, https:\/\/www.spacapan.si\/it\/wp-content\/uploads\/sites\/4\/2018\/01\/3-1-768x510.jpg 768w\" sizes=\"(max-width: 1000px) 100vw, 1000px\" \/>[\/vc_column_text][\/vc_column][vc_column width=&#8221;1\/3&#8243;][vc_column_text]<\/p>\n<p data-start=\"0\" data-end=\"133\">La posizione permette di esplorare lentamente i dintorni e, allo stesso tempo, di ritirarsi con tranquillit\u00e0 in un villaggio carsico.<\/p>\n<blockquote>\n<p data-start=\"135\" data-end=\"154\"><strong>Il Carso come ritmo<\/strong><\/p>\n<\/blockquote>\n<p data-start=\"156\" data-end=\"379\">Il Carso non \u00e8 una destinazione per avere fretta, ma un modo di vivere. Vigneti, muretti a secco, panorami aperti e sentieri invitano a muoversi senza fretta \u2013 a piedi, in bicicletta o semplicemente osservando il paesaggio.<\/p>\n<p>[\/vc_column_text][\/vc_column][\/vc_row][vc_row css=&#8221;.vc_custom_1769253771039{margin-top: 0px !important;margin-bottom: 0px !important;border-top-width: 0px !important;border-bottom-width: 0px !important;padding-top: 0px !important;padding-bottom: 0px !important;}&#8221;][vc_column offset=&#8221;vc_hidden-lg vc_hidden-md&#8221; css=&#8221;.vc_custom_1769253759551{margin-top: 0px !important;margin-bottom: 0px !important;border-top-width: 0px !important;border-bottom-width: 0px !important;padding-top: 0px !important;padding-bottom: 0px !important;}&#8221;][vc_column_text css=&#8221;.vc_custom_1769253730469{margin-top: 0px !important;margin-bottom: 0px !important;border-top-width: 0px !important;border-bottom-width: 0px !important;padding-top: 0px !important;padding-bottom: 0px !important;}&#8221;]<img loading=\"lazy\" decoding=\"async\" class=\"alignnone wp-image-1881 size-full\" src=\"https:\/\/www.spacapan.si\/wp-content\/uploads\/2018\/01\/3-1.jpg\" alt=\"\" width=\"1000\" height=\"664\" srcset=\"https:\/\/www.spacapan.si\/it\/wp-content\/uploads\/sites\/4\/2018\/01\/3-1.jpg 1000w, https:\/\/www.spacapan.si\/it\/wp-content\/uploads\/sites\/4\/2018\/01\/3-1-300x199.jpg 300w, https:\/\/www.spacapan.si\/it\/wp-content\/uploads\/sites\/4\/2018\/01\/3-1-768x510.jpg 768w\" sizes=\"(max-width: 1000px) 100vw, 1000px\" \/>[\/vc_column_text][\/vc_column][\/vc_row][vc_row css=&#8221;.vc_custom_1769253251395{margin-top: 0px !important;margin-bottom: 0px !important;border-top-width: 0px !important;border-bottom-width: 0px !important;padding-top: 0px !important;padding-bottom: 0px !important;}&#8221;][vc_column css=&#8221;.vc_custom_1769253597649{margin-top: 0px !important;margin-bottom: 0px !important;border-top-width: 0px !important;border-bottom-width: 0px !important;padding-top: 0px !important;padding-bottom: 0px !important;}&#8221;][vc_separator border_width=&#8221;2&#8243; css=&#8221;.vc_custom_1769253627641{margin-top: 20px !important;margin-bottom: 20px !important;border-top-width: 0px !important;border-bottom-width: 0px !important;padding-top: 0px !important;padding-bottom: 0px !important;}&#8221;][\/vc_column][\/vc_row][vc_row][vc_column css=&#8221;.vc_custom_1769256707543{margin-top: 0px !important;margin-bottom: 0px !important;border-top-width: 0px !important;border-bottom-width: 0px !important;padding-top: 0px !important;padding-bottom: 0px !important;}&#8221; offset=&#8221;vc_hidden-lg vc_hidden-md&#8221;][vc_column_text]<img loading=\"lazy\" decoding=\"async\" class=\"alignnone size-full wp-image-6598\" src=\"https:\/\/www.spacapan.si\/wp-content\/uploads\/2026\/01\/dimbikes_002-2.jpg\" alt=\"\" width=\"1600\" height=\"1067\" \/>[\/vc_column_text][\/vc_column][\/vc_row][vc_row css=&#8221;.vc_custom_1769256564222{margin-top: 0px !important;margin-bottom: 0px !important;border-top-width: 0px !important;border-bottom-width: 0px !important;padding-top: 0px !important;padding-bottom: 0px !important;}&#8221;][vc_column width=&#8221;1\/3&#8243; css=&#8221;.vc_custom_1769256700297{margin-top: 0px !important;margin-bottom: 0px !important;border-top-width: 0px !important;border-bottom-width: 0px !important;padding-top: 0px !important;padding-bottom: 0px !important;}&#8221;][vc_column_text css=&#8221;.vc_custom_1772139668611{margin-top: 20px !important;margin-bottom: 0px !important;border-top-width: 0px !important;border-bottom-width: 0px !important;padding-top: 0px !important;padding-bottom: 0px !important;}&#8221;]<\/p>\n<h3 data-start=\"381\" data-end=\"399\">Ciclismo sul Carso<\/h3>\n<p data-start=\"401\" data-end=\"666\">L\u2019altopiano ondulato, con strade tranquille e percorsi sterrati, \u00e8 ideale per andare in bicicletta. I tracciati collegano i villaggi carsici, i margini dell\u2019altopiano e i punti panoramici verso il mare. I periodi migliori per pedalare sono la primavera e l\u2019autunno.<\/p>\n<p data-start=\"668\" data-end=\"799\">Per suggerimenti sui percorsi, livelli di difficolt\u00e0 e informazioni stagionali consigliamo il portale ufficiale della destinazione:<\/p>\n<p>[\/vc_column_text][vc_message message_box_color=&#8221;black&#8221; icon_fontawesome=&#8221;fa fa-share-square-o&#8221; css=&#8221;.vc_custom_1769256838590{margin-top: 20px !important;margin-bottom: 0px !important;}&#8221;]<a href=\"https:\/\/www.visitkras.info\/\"><strong><span style=\"color: #ffffff\">Visit Kras<\/span><\/strong><\/a>[\/vc_message][\/vc_column][vc_column width=&#8221;2\/3&#8243; offset=&#8221;vc_hidden-sm vc_hidden-xs&#8221;][vc_column_text]<img loading=\"lazy\" decoding=\"async\" class=\"alignnone size-full wp-image-6598\" src=\"https:\/\/www.spacapan.si\/wp-content\/uploads\/2026\/01\/dimbikes_002-2.jpg\" alt=\"\" width=\"1600\" height=\"1067\" \/>[\/vc_column_text][\/vc_column][\/vc_row][vc_row css=&#8221;.vc_custom_1769253251395{margin-top: 0px !important;margin-bottom: 0px !important;border-top-width: 0px !important;border-bottom-width: 0px !important;padding-top: 0px !important;padding-bottom: 0px !important;}&#8221;][vc_column css=&#8221;.vc_custom_1769253597649{margin-top: 0px !important;margin-bottom: 0px !important;border-top-width: 0px !important;border-bottom-width: 0px !important;padding-top: 0px !important;padding-bottom: 0px !important;}&#8221;][vc_separator border_width=&#8221;2&#8243; css=&#8221;.vc_custom_1769253627641{margin-top: 20px !important;margin-bottom: 20px !important;border-top-width: 0px !important;border-bottom-width: 0px !important;padding-top: 0px !important;padding-bottom: 0px !important;}&#8221;][\/vc_column][\/vc_row][vc_row css=&#8221;.vc_custom_1769256578299{margin-top: 0px !important;margin-bottom: 0px !important;border-top-width: 0px !important;border-bottom-width: 0px !important;padding-top: 0px !important;padding-bottom: 0px !important;}&#8221;][vc_column width=&#8221;2\/3&#8243; css=&#8221;.vc_custom_1769256787467{margin-top: 0px !important;margin-bottom: 0px !important;border-top-width: 0px !important;border-bottom-width: 0px !important;padding-top: 0px !important;padding-bottom: 0px !important;}&#8221;][vc_column_text css=&#8221;.vc_custom_1769256776416{margin-top: 0px !important;margin-bottom: 0px !important;border-top-width: 0px !important;border-bottom-width: 0px !important;padding-top: 0px !important;padding-bottom: 0px !important;}&#8221;]<img loading=\"lazy\" decoding=\"async\" class=\"alignnone wp-image-5827 size-full\" src=\"https:\/\/www.spacapan.si\/wp-content\/uploads\/2024\/04\/programi.jpg\" alt=\"Pogled na kra\u0161ko vasico in morje v ozadju v bli\u017eini \u0160pacapanove hi\u0161e na Krasu\" width=\"2362\" height=\"1575\" \/>[\/vc_column_text][\/vc_column][vc_column width=&#8221;1\/3&#8243; css=&#8221;.vc_custom_1769257037724{margin-top: 0px !important;margin-bottom: 0px !important;border-top-width: 0px !important;border-bottom-width: 0px !important;padding-top: 0px !important;padding-bottom: 0px !important;}&#8221;][vc_column_text css=&#8221;.vc_custom_1772139766582{margin-top: 20px !important;margin-bottom: 0px !important;border-top-width: 0px !important;border-bottom-width: 0px !important;padding-top: 0px !important;padding-bottom: 0px !important;}&#8221;]<\/p>\n<h3>Mare e citt\u00e0<\/h3>\n<p>Il mare e i centri urbani sono raggiungibili in poco tempo:<br \/>\n&#8211; <strong>Trieste<\/strong> \u2013 circa 25 minuti di auto<br \/>\n&#8211; <strong>Sistiana<\/strong> \u2013 circa 20 minuti di auto<\/p>\n<p>Ideale per una passeggiata sul mare, un caff\u00e8 al mattino o un momento di relax la sera.[\/vc_column_text][\/vc_column][\/vc_row][vc_row css=&#8221;.vc_custom_1769253251395{margin-top: 0px !important;margin-bottom: 0px !important;border-top-width: 0px !important;border-bottom-width: 0px !important;padding-top: 0px !important;padding-bottom: 0px !important;}&#8221;][vc_column css=&#8221;.vc_custom_1769253597649{margin-top: 0px !important;margin-bottom: 0px !important;border-top-width: 0px !important;border-bottom-width: 0px !important;padding-top: 0px !important;padding-bottom: 0px !important;}&#8221;][vc_separator border_width=&#8221;2&#8243; css=&#8221;.vc_custom_1769253627641{margin-top: 20px !important;margin-bottom: 20px !important;border-top-width: 0px !important;border-bottom-width: 0px !important;padding-top: 0px !important;padding-bottom: 0px !important;}&#8221;][\/vc_column][\/vc_row][vc_row css=&#8221;.vc_custom_1769256593402{margin-top: 0px !important;margin-bottom: 0px !important;border-top-width: 0px !important;border-bottom-width: 0px !important;padding-top: 0px !important;padding-bottom: 0px !important;}&#8221;][vc_column width=&#8221;1\/3&#8243; css=&#8221;.vc_custom_1769257049782{margin-top: 0px !important;margin-bottom: 0px !important;border-top-width: 0px !important;border-bottom-width: 0px !important;padding-top: 0px !important;padding-bottom: 0px !important;}&#8221;][vc_column_text css=&#8221;.vc_custom_1772139814847{margin-top: 0px !important;margin-bottom: 20px !important;border-top-width: 0px !important;border-bottom-width: 0px !important;padding-top: 0px !important;padding-bottom: 0px !important;}&#8221;]<\/p>\n<h3 data-start=\"1050\" data-end=\"1075\">Storia e villaggi carsici<\/h3>\n<p data-start=\"1077\" data-end=\"1198\">&#8211; <strong>\u0160tanjel<\/strong> \u2013 circa 10 minuti di auto; ideale per una breve passeggiata tra le vie in pietra e una sosta nel Giardino Ferrari<\/p>\n<p data-start=\"1200\" data-end=\"1274\">&#8211; <strong>Castello di Duino<\/strong> \u2013 circa 22 minuti di auto; panorami sul Golfo di Trieste<\/p>\n<p>[\/vc_column_text][\/vc_column][vc_column width=&#8221;2\/3&#8243;][vc_column_text css=&#8221;.vc_custom_1772139843503{margin-top: 0px !important;margin-bottom: 0px !important;border-top-width: 0px !important;border-bottom-width: 0px !important;padding-top: 0px !important;padding-bottom: 0px !important;}&#8221;]<\/p>\n<figure id=\"attachment_6556\" aria-describedby=\"caption-attachment-6556\" style=\"width: 1347px\" class=\"wp-caption alignnone\"><img loading=\"lazy\" decoding=\"async\" class=\"wp-image-6556 size-full\" src=\"https:\/\/www.spacapan.si\/wp-content\/uploads\/2026\/01\/VisitStanjel-PromoFotoDron-2022-8-2.jpg\" alt=\"\" width=\"1347\" height=\"898\" \/><figcaption id=\"caption-attachment-6556\" class=\"wp-caption-text\">Fonte: Arhiv ORA Krasa in Brkinov d.o.o.<\/figcaption><\/figure>\n<p>[\/vc_column_text][\/vc_column][\/vc_row][vc_row css=&#8221;.vc_custom_1769253251395{margin-top: 0px !important;margin-bottom: 0px !important;border-top-width: 0px !important;border-bottom-width: 0px !important;padding-top: 0px !important;padding-bottom: 0px !important;}&#8221;][vc_column css=&#8221;.vc_custom_1769253597649{margin-top: 0px !important;margin-bottom: 0px !important;border-top-width: 0px !important;border-bottom-width: 0px !important;padding-top: 0px !important;padding-bottom: 0px !important;}&#8221;][vc_separator border_width=&#8221;2&#8243; css=&#8221;.vc_custom_1769253627641{margin-top: 20px !important;margin-bottom: 20px !important;border-top-width: 0px !important;border-bottom-width: 0px !important;padding-top: 0px !important;padding-bottom: 0px !important;}&#8221;][\/vc_column][\/vc_row][vc_row css=&#8221;.vc_custom_1769256607719{margin-top: 0px !important;margin-bottom: 0px !important;border-top-width: 0px !important;border-bottom-width: 0px !important;padding-top: 0px !important;padding-bottom: 0px !important;}&#8221;][vc_column width=&#8221;2\/3&#8243;][vc_column_text css=&#8221;.vc_custom_1769685968142{margin-top: 0px !important;margin-bottom: 20px !important;border-top-width: 0px !important;border-bottom-width: 0px !important;padding-top: 0px !important;padding-bottom: 0px !important;}&#8221;]<img loading=\"lazy\" decoding=\"async\" class=\"alignnone wp-image-6609 size-full\" src=\"https:\/\/www.spacapan.si\/wp-content\/uploads\/2026\/01\/Razgledisce-5.jpg\" alt=\"\" width=\"1599\" height=\"1268\" \/><\/p>\n<p>[\/vc_column_text][\/vc_column][vc_column width=&#8221;1\/3&#8243; css=&#8221;.vc_custom_1769257064536{margin-top: 0px !important;margin-bottom: 0px !important;border-top-width: 0px !important;border-bottom-width: 0px !important;padding-top: 0px !important;padding-bottom: 0px !important;}&#8221;][vc_column_text css=&#8221;.vc_custom_1772139987460{margin-top: 0px !important;margin-bottom: 0px !important;border-top-width: 0px !important;border-bottom-width: 0px !important;padding-top: 0px !important;padding-bottom: 0px !important;}&#8221;]<\/p>\n<h3 data-start=\"1319\" data-end=\"1339\">Il Carso sotterraneo<\/h3>\n<p data-start=\"1341\" data-end=\"1511\">Il mondo sotterraneo carsico offre un\u2019esperienza diversa del territorio:<br \/>\n&#8211; <strong>Parco delle Grotte di \u0160kocjan<\/strong> \u2013 circa 35 minuti di auto<br \/>\n&#8211; <strong>Grotta Vilenica<\/strong> \u2013 circa 31 minuti di auto<\/p>\n<p data-start=\"1513\" data-end=\"1580\">Le visite sono una scelta piacevole soprattutto nei mesi pi\u00f9 caldi.<\/p>\n<p>[\/vc_column_text][\/vc_column][\/vc_row][vc_row css=&#8221;.vc_custom_1769253251395{margin-top: 0px !important;margin-bottom: 0px !important;border-top-width: 0px !important;border-bottom-width: 0px !important;padding-top: 0px !important;padding-bottom: 0px !important;}&#8221;][vc_column css=&#8221;.vc_custom_1769253597649{margin-top: 0px !important;margin-bottom: 0px !important;border-top-width: 0px !important;border-bottom-width: 0px !important;padding-top: 0px !important;padding-bottom: 0px !important;}&#8221;][vc_separator border_width=&#8221;2&#8243; css=&#8221;.vc_custom_1769253627641{margin-top: 20px !important;margin-bottom: 20px !important;border-top-width: 0px !important;border-bottom-width: 0px !important;padding-top: 0px !important;padding-bottom: 0px !important;}&#8221;][\/vc_column][\/vc_row][vc_row css=&#8221;.vc_custom_1769256619783{margin-top: 0px !important;margin-bottom: 0px !important;border-top-width: 0px !important;border-bottom-width: 0px !important;padding-top: 0px !important;padding-bottom: 0px !important;}&#8221;][vc_column width=&#8221;2\/3&#8243; css=&#8221;.vc_custom_1769257085914{margin-top: 0px !important;margin-bottom: 0px !important;border-top-width: 0px !important;border-bottom-width: 0px !important;padding-top: 0px !important;padding-bottom: 0px !important;}&#8221;][vc_column_text css=&#8221;.vc_custom_1772140007262{margin-top: 0px !important;margin-bottom: 20px !important;border-top-width: 0px !important;border-bottom-width: 0px !important;padding-top: 0px !important;padding-bottom: 0px !important;}&#8221;]<\/p>\n<h3 data-start=\"1582\" data-end=\"1600\">Quiet e tradizione<\/h3>\n<p data-start=\"1602\" data-end=\"1732\" data-is-last-node=\"\" data-is-only-node=\"\">Il Carso non \u00e8 un luogo di fretta. Qui la vita segue il ritmo della natura e la quiete e il tempo assumono un significato diverso.<\/p>\n<p>[\/vc_column_text][\/vc_column][vc_column width=&#8221;1\/3&#8243;][\/vc_column][\/vc_row][vc_row disable_element=&#8221;yes&#8221;][vc_column width=&#8221;1\/3&#8243;][vc_column_text]V na\u0161i bli\u017eini se nahaja: Trst, Sesljan, Portopiccolo, grad Devin, grad Miramar, grad Rihemberk, grad \u0160tanjel, Grade\u017e, letali\u0161\u010de Ronke, jama\u00a0 Vilenica, Pomnik braniteljem slovenske zemlje na Cerju, Park \u0160kocjanske jame, Postojnska jama, Kobilarna Lipica in Golf Club Lipica.[\/vc_column_text][\/vc_column][vc_column width=&#8221;2\/3&#8243;][vc_column_text]<img loading=\"lazy\" decoding=\"async\" class=\"alignnone wp-image-1883 size-full\" src=\"https:\/\/www.spacapan.si\/wp-content\/uploads\/2018\/01\/2-1.jpg\" alt=\"\" width=\"1000\" height=\"664\" srcset=\"https:\/\/www.spacapan.si\/it\/wp-content\/uploads\/sites\/4\/2018\/01\/2-1.jpg 1000w, https:\/\/www.spacapan.si\/it\/wp-content\/uploads\/sites\/4\/2018\/01\/2-1-300x199.jpg 300w, https:\/\/www.spacapan.si\/it\/wp-content\/uploads\/sites\/4\/2018\/01\/2-1-768x510.jpg 768w\" sizes=\"(max-width: 1000px) 100vw, 1000px\" \/>[\/vc_column_text][\/vc_column][\/vc_row][vc_row disable_element=&#8221;yes&#8221;][vc_column width=&#8221;2\/3&#8243;][\/vc_column][vc_column width=&#8221;1\/3&#8243;][vc_column_text]AKTIVNOSTI NA KRASU<\/p>\n<p>Celoten Kras: <a href=\"http:\/\/www.visitkras.info\" target=\"_blank\" rel=\"noopener\">Klik!<\/a><br \/>\n\u0160tanjel: <a href=\"https:\/\/www.visitkras.info\/stanjel?p=kaj-poceti\/znamenitosti\" target=\"_blank\" rel=\"noopener\">Klik!<\/a><br \/>\nS kolesom po Krasu: <a href=\"https:\/\/www.visitkras.info\/kaj-poceti\/kolesarjenje\/\" target=\"_blank\" rel=\"noopener\">Klik!<\/a><br \/>\nPe\u0161 po Krasu: <a href=\"https:\/\/www.visitkras.info\/kaj-poceti\/pohodnistvo\/\" target=\"_blank\" rel=\"noopener\">Klik!<\/a><br \/>\nVinske kleti na Krasu:<a href=\"https:\/\/www.visitkras.info\/kaj-poceti\/vino-in-kulinarika\/vinske-kleti\/\" target=\"_blank\" rel=\"noopener\">Klik!<\/a><br \/>\nOstala do\u017eivetja na Krasu: <a href=\"https:\/\/www.visitkras.info\/kaj-poceti\/dozivetja\/\" target=\"_blank\" rel=\"noopener\">Klik!<\/a><br \/>\nNajem koles: <a href=\"https:\/\/www.rockvelo.com\/?lang=sl\" target=\"_blank\" rel=\"noopener\">Klik!<\/a><br \/>\nGrad Rihemberk: <a href=\"https:\/\/rihemberk.com\/\" target=\"_blank\" rel=\"noopener\">Klik!<\/a><br \/>\nSpomenik Cerje: <a href=\"https:\/\/www.mirenkras.si\/pomnik-miru\/obisk-pomnika-miru\" target=\"_blank\" rel=\"noopener\">Klik!<\/a>[\/vc_column_text][\/vc_column][\/vc_row]<\/p>\n","protected":false},"excerpt":{"rendered":"<p>&#8230;<\/p>\n","protected":false},"author":1,"featured_media":1850,"parent":961,"menu_order":0,"comment_status":"closed","ping_status":"closed","template":"","meta":{"footnotes":""},"_links":{"self":[{"href":"https:\/\/www.spacapan.si\/it\/wp-json\/wp\/v2\/pages\/969"}],"collection":[{"href":"https:\/\/www.spacapan.si\/it\/wp-json\/wp\/v2\/pages"}],"about":[{"href":"https:\/\/www.spacapan.si\/it\/wp-json\/wp\/v2\/types\/page"}],"author":[{"embeddable":true,"href":"https:\/\/www.spacapan.si\/it\/wp-json\/wp\/v2\/users\/1"}],"replies":[{"embeddable":true,"href":"https:\/\/www.spacapan.si\/it\/wp-json\/wp\/v2\/comments?post=969"}],"version-history":[{"count":31,"href":"https:\/\/www.spacapan.si\/it\/wp-json\/wp\/v2\/pages\/969\/revisions"}],"predecessor-version":[{"id":4049,"href":"https:\/\/www.spacapan.si\/it\/wp-json\/wp\/v2\/pages\/969\/revisions\/4049"}],"up":[{"embeddable":true,"href":"https:\/\/www.spacapan.si\/it\/wp-json\/wp\/v2\/pages\/961"}],"wp:featuredmedia":[{"embeddable":true,"href":"https:\/\/www.spacapan.si\/it\/wp-json\/wp\/v2\/media\/1850"}],"wp:attachment":[{"href":"https:\/\/www.spacapan.si\/it\/wp-json\/wp\/v2\/media?parent=969"}],"curies":[{"name":"wp","href":"https:\/\/api.w.org\/{rel}","templated":true}]}}